{"id":25588,"date":"2020-01-23T10:01:10","date_gmt":"2020-01-23T13:01:10","guid":{"rendered":"https:\/\/www.texabrasil.com.br\/cobertura-de-diagnostico\/"},"modified":"2024-07-16T14:51:30","modified_gmt":"2024-07-16T17:51:30","slug":"cobertura-de-diagnostico","status":"publish","type":"page","link":"https:\/\/www.texabrasil.com.br\/es\/cobertura-de-diagnostico\/","title":{"rendered":"Cobertura de diagn\u00f3stico"},"content":{"rendered":"\t\t<div data-elementor-type=\"wp-page\" data-elementor-id=\"25588\" class=\"elementor elementor-25588 elementor-926\" data-elementor-post-type=\"page\">\n\t\t\t\t\t\t<section class=\"elementor-section elementor-top-section elementor-element elementor-element-54a02488 elementor-section-height-min-height elementor-section-items-stretch elementor-section-content-space-between elementor-section-boxed elementor-section-height-default\" data-id=\"54a02488\" data-element_type=\"section\" data-settings=\"{&quot;background_background&quot;:&quot;classic&quot;}\">\n\t\t\t\t\t\t\t<div class=\"elementor-background-overlay\"><\/div>\n\t\t\t\t\t\t\t<div class=\"elementor-container elementor-column-gap-wider\">\n\t\t\t\t\t<div class=\"elementor-column elementor-col-100 elementor-top-column elementor-element elementor-element-4665e8f8\" data-id=\"4665e8f8\" data-element_type=\"column\">\n\t\t\t<div class=\"elementor-widget-wrap elementor-element-populated\">\n\t\t\t\t\t\t<div class=\"elementor-element elementor-element-6167c9c0 elementor-widget elementor-widget-spacer\" data-id=\"6167c9c0\" data-element_type=\"widget\" data-widget_type=\"spacer.default\">\n\t\t\t\t<div class=\"elementor-widget-container\">\n\t\t\t\t\t\t\t<div class=\"elementor-spacer\">\n\t\t\t<div class=\"elementor-spacer-inner\"><\/div>\n\t\t<\/div>\n\t\t\t\t\t\t<\/div>\n\t\t\t\t<\/div>\n\t\t\t\t<div class=\"elementor-element elementor-element-3ad7439 elementor-widget elementor-widget-heading\" data-id=\"3ad7439\" data-element_type=\"widget\" data-widget_type=\"heading.default\">\n\t\t\t\t<div class=\"elementor-widget-container\">\n\t\t\t\t\t<h2 class=\"elementor-heading-title elementor-size-default\">Cobertura de diagn\u00f3stico<\/h2>\t\t\t\t<\/div>\n\t\t\t\t<\/div>\n\t\t\t\t\t<\/div>\n\t\t<\/div>\n\t\t\t\t\t<\/div>\n\t\t<\/section>\n\t\t\t\t<section class=\"elementor-section elementor-top-section elementor-element elementor-element-af6b0ce elementor-section-boxed elementor-section-height-default elementor-section-height-default\" data-id=\"af6b0ce\" data-element_type=\"section\">\n\t\t\t\t\t\t<div class=\"elementor-container elementor-column-gap-wider\">\n\t\t\t\t\t<div class=\"elementor-column elementor-col-100 elementor-top-column elementor-element elementor-element-a3974bc\" data-id=\"a3974bc\" data-element_type=\"column\">\n\t\t\t<div class=\"elementor-widget-wrap elementor-element-populated\">\n\t\t\t\t\t\t<div class=\"elementor-element elementor-element-05038f6 elementor-widget elementor-widget-heading\" data-id=\"05038f6\" data-element_type=\"widget\" data-widget_type=\"heading.default\">\n\t\t\t\t<div class=\"elementor-widget-container\">\n\t\t\t\t\t<h2 class=\"elementor-heading-title elementor-size-default\">COBERTURA DE DIAGN\u00d3STICO<\/h2>\t\t\t\t<\/div>\n\t\t\t\t<\/div>\n\t\t\t\t<div class=\"elementor-element elementor-element-d342a01 elementor-widget elementor-widget-text-editor\" data-id=\"d342a01\" data-element_type=\"widget\" data-widget_type=\"text-editor.default\">\n\t\t\t\t<div class=\"elementor-widget-container\">\n\t\t\t\t\t\t\t\t\t<p>Ahora todos pueden conocer las oportunidades de diagn\u00f3stico que ofrece el extraordinario software IDC5, incluso aquellos que no son clientes de TEXA. El portal Cobertura de Diagn\u00f3stico es de gran utilidad, ya que permite seleccionar el entorno de diagn\u00f3stico, categor\u00eda y marca del veh\u00edculo que le interesa.<\/p>\n\t\t\t\t\t\t\t\t<\/div>\n\t\t\t\t<\/div>\n\t\t\t\t\t<\/div>\n\t\t<\/div>\n\t\t\t\t\t<\/div>\n\t\t<\/section>\n\t\t\t\t<section class=\"elementor-section elementor-top-section elementor-element elementor-element-9f37b91 elementor-section-full_width elementor-section-height-min-height elementor-section-items-stretch elementor-section-height-default\" data-id=\"9f37b91\" data-element_type=\"section\" data-settings=\"{&quot;background_background&quot;:&quot;classic&quot;}\">\n\t\t\t\t\t\t<div class=\"elementor-container elementor-column-gap-wider\">\n\t\t\t\t\t<div class=\"elementor-column elementor-col-50 elementor-top-column elementor-element elementor-element-d90a905\" data-id=\"d90a905\" data-element_type=\"column\">\n\t\t\t<div class=\"elementor-widget-wrap elementor-element-populated\">\n\t\t\t\t\t\t<div class=\"elementor-element elementor-element-2ad6c46 elementor-widget elementor-widget-shortcode\" data-id=\"2ad6c46\" data-element_type=\"widget\" data-widget_type=\"shortcode.default\">\n\t\t\t\t<div class=\"elementor-widget-container\">\n\t\t\t\t\t<script src=\"https:\/\/www.google.com\/recaptcha\/api.js?render=6Ld3ZlUlAAAAAFahFm8YWzlVFrq1bugpd5rBd3lx\"><\/script><div class=\"copertura-diagnostica\">            <script type=\"text\/javascript\">\r\n                grecaptcha.ready(function() {\r\n                    grecaptcha.execute('6Ld3ZlUlAAAAAFahFm8YWzlVFrq1bugpd5rBd3lx', {\r\n                        action: 'login'\r\n                    }).then(function(token) {\r\n                        var recaptchaResponse = document.getElementById('recaptchaResponse');\r\n                        recaptchaResponse.value = token;\r\n                    });\r\n                });\r\n            <\/script>\r\n\r\n            Enter your data here to view TEXA's complete diagnostic coverage.<br \/><br \/>\r\n            <form method=\"POST\" id=\"login\" action=\"#login-result\">\r\n                <input type=\"email\" class=\"wpcf7-form-control wpcf7-text wpcf7-email wpcf7-validates-as-email\" placeholder=\"email\" id=\"email\" name=\"email\" required \/>\r\n                <input type=\"password\" minlength=\"4\" maxlength=\"16\" class=\"wpcf7-form-control wpcf7-text\" placeholder=\"password\" id=\"password\" name=\"password\" required \/>\r\n                <input type=\"hidden\" name=\"recaptcha_response\" id=\"recaptchaResponse\">\r\n                <input type=\"submit\" class=\"wpcf7-form-control wpcf7-submit btn btn-primary\" value=\"LOGIN\" \/>\r\n            <\/form>\r\n            <small><a href=\"https:\/\/www.texabrasil.com.br\/es\/cobertura-de-diagnostico\/recuperacion-de-contrasena\/\">\r\n                    Recover password<\/a><\/small>\r\n            <hr style=\"margin: 20px 0;\" \/>\r\n            If you do not already have login credentials, click here to register.<br \/><br \/>\r\n            <a class=\"wpcf7-form-control wpcf7-submit btn btn-primary\" href=\"https:\/\/www.texabrasil.com.br\/es\/cobertura-de-diagnostico\/registro\/\">\r\n                REGISTER<\/a>\r\n            <\/div>\t\t<div class=\"elementor-shortcode\"><\/div>\n\t\t\t\t\t\t<\/div>\n\t\t\t\t<\/div>\n\t\t\t\t\t<\/div>\n\t\t<\/div>\n\t\t\t\t<div class=\"elementor-column elementor-col-50 elementor-top-column elementor-element elementor-element-cbf9b45\" data-id=\"cbf9b45\" data-element_type=\"column\" data-settings=\"{&quot;background_background&quot;:&quot;classic&quot;}\">\n\t\t\t<div class=\"elementor-widget-wrap\">\n\t\t\t\t\t\t\t<\/div>\n\t\t<\/div>\n\t\t\t\t\t<\/div>\n\t\t<\/section>\n\t\t\t\t<\/div>\n\t\t","protected":false},"excerpt":{"rendered":"<p>COBERTURA DE DIAGN\u00d3STICO Ahora todos pueden conocer las oportunidades de diagn\u00f3stico que ofrece el extraordinario software IDC5, incluso aquellos que no son clientes de TEXA. El portal Cobertura de Diagn\u00f3stico es de gran utilidad, ya que permite seleccionar el entorno de diagn\u00f3stico, categor\u00eda y marca del veh\u00edculo que le interesa.<\/p>\n","protected":false},"author":1,"featured_media":23366,"parent":0,"menu_order":3,"comment_status":"closed","ping_status":"closed","template":"","meta":{"_acf_changed":false,"footnotes":""},"tags":[],"class_list":["post-25588","page","type-page","status-publish","has-post-thumbnail","hentry"],"acf":[],"yoast_head":"<!-- This site is optimized with the Yoast SEO plugin v26.8 - https:\/\/yoast.com\/product\/yoast-seo-wordpress\/ -->\n<title>TEXA do Brasil - Cobertura de diagn\u00f3stico<\/title>\n<meta name=\"description\" content=\"Ahora todos pueden conocer las oportunidades de diagn\u00f3stico que ofrece el extraordinario software IDC5, incluso aquellos que no son clientes de TEXA. El portal Cobertura de Diagn\u00f3stico es de gran utilidad, ya que permite seleccionar el entorno de diagn\u00f3stico, categor\u00eda y marca del veh\u00edculo que le interesa.\" \/>\n<meta name=\"robots\" content=\"index, follow, max-snippet:-1, max-image-preview:large, max-video-preview:-1\" \/>\n<link rel=\"canonical\" href=\"https:\/\/www.texabrasil.com.br\/cobertura-diagnostico\/\" \/>\n<meta property=\"og:locale\" content=\"es_ES\" \/>\n<meta property=\"og:type\" content=\"article\" \/>\n<meta property=\"og:title\" content=\"TEXA do Brasil - Cobertura de diagn\u00f3stico\" \/>\n<meta property=\"og:description\" content=\"Ahora todos pueden conocer las oportunidades de diagn\u00f3stico que ofrece el extraordinario software IDC5, incluso aquellos que no son clientes de TEXA. El portal Cobertura de Diagn\u00f3stico es de gran utilidad, ya que permite seleccionar el entorno de diagn\u00f3stico, categor\u00eda y marca del veh\u00edculo que le interesa.\" \/>\n<meta property=\"og:url\" content=\"https:\/\/www.texabrasil.com.br\/cobertura-diagnostico\/\" \/>\n<meta property=\"og:site_name\" content=\"TEXA\" \/>\n<meta property=\"article:publisher\" content=\"https:\/\/www.facebook.com\/texabrasil\" \/>\n<meta property=\"article:modified_time\" content=\"2024-07-16T17:51:30+00:00\" \/>\n<meta property=\"og:image\" content=\"https:\/\/www.texabrasil.com.br\/wp-content\/uploads\/2020\/06\/software-texa-IDC5.jpg\" \/>\n\t<meta property=\"og:image:width\" content=\"1920\" \/>\n\t<meta property=\"og:image:height\" content=\"1280\" \/>\n\t<meta property=\"og:image:type\" content=\"image\/jpeg\" \/>\n<meta name=\"twitter:card\" content=\"summary_large_image\" \/>\n<script type=\"application\/ld+json\" class=\"yoast-schema-graph\">{\"@context\":\"https:\/\/schema.org\",\"@graph\":[{\"@type\":\"WebPage\",\"@id\":\"https:\/\/www.texabrasil.com.br\/cobertura-diagnostico\/\",\"url\":\"https:\/\/www.texabrasil.com.br\/cobertura-diagnostico\/\",\"name\":\"TEXA do Brasil - Cobertura de diagn\u00f3stico\",\"isPartOf\":{\"@id\":\"https:\/\/www.texabrasil.com.br\/#website\"},\"primaryImageOfPage\":{\"@id\":\"https:\/\/www.texabrasil.com.br\/cobertura-diagnostico\/#primaryimage\"},\"image\":{\"@id\":\"https:\/\/www.texabrasil.com.br\/cobertura-diagnostico\/#primaryimage\"},\"thumbnailUrl\":\"https:\/\/www.texabrasil.com.br\/wp-content\/uploads\/2020\/06\/software-texa-IDC5.jpg\",\"datePublished\":\"2020-01-23T13:01:10+00:00\",\"dateModified\":\"2024-07-16T17:51:30+00:00\",\"description\":\"Ahora todos pueden conocer las oportunidades de diagn\u00f3stico que ofrece el extraordinario software IDC5, incluso aquellos que no son clientes de TEXA. El portal Cobertura de Diagn\u00f3stico es de gran utilidad, ya que permite seleccionar el entorno de diagn\u00f3stico, categor\u00eda y marca del veh\u00edculo que le interesa.\",\"breadcrumb\":{\"@id\":\"https:\/\/www.texabrasil.com.br\/cobertura-diagnostico\/#breadcrumb\"},\"inLanguage\":\"es\",\"potentialAction\":[{\"@type\":\"ReadAction\",\"target\":[\"https:\/\/www.texabrasil.com.br\/cobertura-diagnostico\/\"]}]},{\"@type\":\"ImageObject\",\"inLanguage\":\"es\",\"@id\":\"https:\/\/www.texabrasil.com.br\/cobertura-diagnostico\/#primaryimage\",\"url\":\"https:\/\/www.texabrasil.com.br\/wp-content\/uploads\/2020\/06\/software-texa-IDC5.jpg\",\"contentUrl\":\"https:\/\/www.texabrasil.com.br\/wp-content\/uploads\/2020\/06\/software-texa-IDC5.jpg\",\"width\":1920,\"height\":1280},{\"@type\":\"BreadcrumbList\",\"@id\":\"https:\/\/www.texabrasil.com.br\/cobertura-diagnostico\/#breadcrumb\",\"itemListElement\":[{\"@type\":\"ListItem\",\"position\":1,\"name\":\"Home\",\"item\":\"https:\/\/www.texabrasil.com.br\/\"},{\"@type\":\"ListItem\",\"position\":2,\"name\":\"Cobertura de diagn\u00f3stico\"}]},{\"@type\":\"WebSite\",\"@id\":\"https:\/\/www.texabrasil.com.br\/#website\",\"url\":\"https:\/\/www.texabrasil.com.br\/\",\"name\":\"TEXA do Brasil\",\"description\":\"for automotive professionals\",\"publisher\":{\"@id\":\"https:\/\/www.texabrasil.com.br\/#organization\"},\"potentialAction\":[{\"@type\":\"SearchAction\",\"target\":{\"@type\":\"EntryPoint\",\"urlTemplate\":\"https:\/\/www.texabrasil.com.br\/?s={search_term_string}\"},\"query-input\":{\"@type\":\"PropertyValueSpecification\",\"valueRequired\":true,\"valueName\":\"search_term_string\"}}],\"inLanguage\":\"es\"},{\"@type\":\"Organization\",\"@id\":\"https:\/\/www.texabrasil.com.br\/#organization\",\"name\":\"TEXA do Brasil - Diagn\u00f3stico multimarcas e recicladoras de A\/C\",\"url\":\"https:\/\/www.texabrasil.com.br\/\",\"logo\":{\"@type\":\"ImageObject\",\"inLanguage\":\"es\",\"@id\":\"https:\/\/www.texabrasil.com.br\/#\/schema\/logo\/image\/\",\"url\":\"https:\/\/www.texabrasil.com.br\/wp-content\/uploads\/2019\/11\/logo-TEXA.jpg\",\"contentUrl\":\"https:\/\/www.texabrasil.com.br\/wp-content\/uploads\/2019\/11\/logo-TEXA.jpg\",\"width\":300,\"height\":300,\"caption\":\"TEXA do Brasil - Diagn\u00f3stico multimarcas e recicladoras de A\/C\"},\"image\":{\"@id\":\"https:\/\/www.texabrasil.com.br\/#\/schema\/logo\/image\/\"},\"sameAs\":[\"https:\/\/www.facebook.com\/texabrasil\",\"https:\/\/www.instagram.com\/texabrasil\/\",\"https:\/\/www.linkedin.com\/company\/texabrasil\/\",\"https:\/\/www.youtube.com\/texabrasil\"]}]}<\/script>\n<!-- \/ Yoast SEO plugin. -->","yoast_head_json":{"title":"TEXA do Brasil - Cobertura de diagn\u00f3stico","description":"Ahora todos pueden conocer las oportunidades de diagn\u00f3stico que ofrece el extraordinario software IDC5, incluso aquellos que no son clientes de TEXA. El portal Cobertura de Diagn\u00f3stico es de gran utilidad, ya que permite seleccionar el entorno de diagn\u00f3stico, categor\u00eda y marca del veh\u00edculo que le interesa.","robots":{"index":"index","follow":"follow","max-snippet":"max-snippet:-1","max-image-preview":"max-image-preview:large","max-video-preview":"max-video-preview:-1"},"canonical":"https:\/\/www.texabrasil.com.br\/cobertura-diagnostico\/","og_locale":"es_ES","og_type":"article","og_title":"TEXA do Brasil - Cobertura de diagn\u00f3stico","og_description":"Ahora todos pueden conocer las oportunidades de diagn\u00f3stico que ofrece el extraordinario software IDC5, incluso aquellos que no son clientes de TEXA. El portal Cobertura de Diagn\u00f3stico es de gran utilidad, ya que permite seleccionar el entorno de diagn\u00f3stico, categor\u00eda y marca del veh\u00edculo que le interesa.","og_url":"https:\/\/www.texabrasil.com.br\/cobertura-diagnostico\/","og_site_name":"TEXA","article_publisher":"https:\/\/www.facebook.com\/texabrasil","article_modified_time":"2024-07-16T17:51:30+00:00","og_image":[{"width":1920,"height":1280,"url":"https:\/\/www.texabrasil.com.br\/wp-content\/uploads\/2020\/06\/software-texa-IDC5.jpg","type":"image\/jpeg"}],"twitter_card":"summary_large_image","schema":{"@context":"https:\/\/schema.org","@graph":[{"@type":"WebPage","@id":"https:\/\/www.texabrasil.com.br\/cobertura-diagnostico\/","url":"https:\/\/www.texabrasil.com.br\/cobertura-diagnostico\/","name":"TEXA do Brasil - Cobertura de diagn\u00f3stico","isPartOf":{"@id":"https:\/\/www.texabrasil.com.br\/#website"},"primaryImageOfPage":{"@id":"https:\/\/www.texabrasil.com.br\/cobertura-diagnostico\/#primaryimage"},"image":{"@id":"https:\/\/www.texabrasil.com.br\/cobertura-diagnostico\/#primaryimage"},"thumbnailUrl":"https:\/\/www.texabrasil.com.br\/wp-content\/uploads\/2020\/06\/software-texa-IDC5.jpg","datePublished":"2020-01-23T13:01:10+00:00","dateModified":"2024-07-16T17:51:30+00:00","description":"Ahora todos pueden conocer las oportunidades de diagn\u00f3stico que ofrece el extraordinario software IDC5, incluso aquellos que no son clientes de TEXA. El portal Cobertura de Diagn\u00f3stico es de gran utilidad, ya que permite seleccionar el entorno de diagn\u00f3stico, categor\u00eda y marca del veh\u00edculo que le interesa.","breadcrumb":{"@id":"https:\/\/www.texabrasil.com.br\/cobertura-diagnostico\/#breadcrumb"},"inLanguage":"es","potentialAction":[{"@type":"ReadAction","target":["https:\/\/www.texabrasil.com.br\/cobertura-diagnostico\/"]}]},{"@type":"ImageObject","inLanguage":"es","@id":"https:\/\/www.texabrasil.com.br\/cobertura-diagnostico\/#primaryimage","url":"https:\/\/www.texabrasil.com.br\/wp-content\/uploads\/2020\/06\/software-texa-IDC5.jpg","contentUrl":"https:\/\/www.texabrasil.com.br\/wp-content\/uploads\/2020\/06\/software-texa-IDC5.jpg","width":1920,"height":1280},{"@type":"BreadcrumbList","@id":"https:\/\/www.texabrasil.com.br\/cobertura-diagnostico\/#breadcrumb","itemListElement":[{"@type":"ListItem","position":1,"name":"Home","item":"https:\/\/www.texabrasil.com.br\/"},{"@type":"ListItem","position":2,"name":"Cobertura de diagn\u00f3stico"}]},{"@type":"WebSite","@id":"https:\/\/www.texabrasil.com.br\/#website","url":"https:\/\/www.texabrasil.com.br\/","name":"TEXA do Brasil","description":"for automotive professionals","publisher":{"@id":"https:\/\/www.texabrasil.com.br\/#organization"},"potentialAction":[{"@type":"SearchAction","target":{"@type":"EntryPoint","urlTemplate":"https:\/\/www.texabrasil.com.br\/?s={search_term_string}"},"query-input":{"@type":"PropertyValueSpecification","valueRequired":true,"valueName":"search_term_string"}}],"inLanguage":"es"},{"@type":"Organization","@id":"https:\/\/www.texabrasil.com.br\/#organization","name":"TEXA do Brasil - Diagn\u00f3stico multimarcas e recicladoras de A\/C","url":"https:\/\/www.texabrasil.com.br\/","logo":{"@type":"ImageObject","inLanguage":"es","@id":"https:\/\/www.texabrasil.com.br\/#\/schema\/logo\/image\/","url":"https:\/\/www.texabrasil.com.br\/wp-content\/uploads\/2019\/11\/logo-TEXA.jpg","contentUrl":"https:\/\/www.texabrasil.com.br\/wp-content\/uploads\/2019\/11\/logo-TEXA.jpg","width":300,"height":300,"caption":"TEXA do Brasil - Diagn\u00f3stico multimarcas e recicladoras de A\/C"},"image":{"@id":"https:\/\/www.texabrasil.com.br\/#\/schema\/logo\/image\/"},"sameAs":["https:\/\/www.facebook.com\/texabrasil","https:\/\/www.instagram.com\/texabrasil\/","https:\/\/www.linkedin.com\/company\/texabrasil\/","https:\/\/www.youtube.com\/texabrasil"]}]}},"_links":{"self":[{"href":"https:\/\/www.texabrasil.com.br\/es\/wp-json\/wp\/v2\/pages\/25588","targetHints":{"allow":["GET"]}}],"collection":[{"href":"https:\/\/www.texabrasil.com.br\/es\/wp-json\/wp\/v2\/pages"}],"about":[{"href":"https:\/\/www.texabrasil.com.br\/es\/wp-json\/wp\/v2\/types\/page"}],"author":[{"embeddable":true,"href":"https:\/\/www.texabrasil.com.br\/es\/wp-json\/wp\/v2\/users\/1"}],"replies":[{"embeddable":true,"href":"https:\/\/www.texabrasil.com.br\/es\/wp-json\/wp\/v2\/comments?post=25588"}],"version-history":[{"count":0,"href":"https:\/\/www.texabrasil.com.br\/es\/wp-json\/wp\/v2\/pages\/25588\/revisions"}],"wp:featuredmedia":[{"embeddable":true,"href":"https:\/\/www.texabrasil.com.br\/es\/wp-json\/wp\/v2\/media\/23366"}],"wp:attachment":[{"href":"https:\/\/www.texabrasil.com.br\/es\/wp-json\/wp\/v2\/media?parent=25588"}],"wp:term":[{"taxonomy":"post_tag","embeddable":true,"href":"https:\/\/www.texabrasil.com.br\/es\/wp-json\/wp\/v2\/tags?post=25588"}],"curies":[{"name":"wp","href":"https:\/\/api.w.org\/{rel}","templated":true}]}}