{"id":25801,"date":"2019-11-12T11:38:33","date_gmt":"2019-11-12T14:38:33","guid":{"rendered":"https:\/\/www.texabrasil.com.br\/empresa\/contacto\/"},"modified":"2025-08-01T12:19:20","modified_gmt":"2025-08-01T15:19:20","slug":"contacto","status":"publish","type":"page","link":"https:\/\/www.texabrasil.com.br\/es\/empresa\/contacto\/","title":{"rendered":"Contacto"},"content":{"rendered":"\t\t<div data-elementor-type=\"wp-page\" data-elementor-id=\"25801\" class=\"elementor elementor-25801 elementor-35\" data-elementor-post-type=\"page\">\n\t\t\t\t\t\t<section class=\"elementor-section elementor-top-section elementor-element elementor-element-6ce6847 elementor-section-height-min-height animated-slow elementor-section-items-stretch elementor-section-content-space-between elementor-section-boxed elementor-section-height-default elementor-invisible\" data-id=\"6ce6847\" data-element_type=\"section\" data-settings=\"{&quot;background_background&quot;:&quot;classic&quot;,&quot;animation&quot;:&quot;fadeIn&quot;,&quot;background_motion_fx_motion_fx_scrolling&quot;:&quot;yes&quot;,&quot;background_motion_fx_translateY_effect&quot;:&quot;yes&quot;,&quot;background_motion_fx_translateY_speed&quot;:{&quot;unit&quot;:&quot;px&quot;,&quot;size&quot;:2,&quot;sizes&quot;:[]},&quot;background_motion_fx_translateY_affectedRange&quot;:{&quot;unit&quot;:&quot;%&quot;,&quot;size&quot;:&quot;&quot;,&quot;sizes&quot;:{&quot;start&quot;:0,&quot;end&quot;:100}},&quot;background_motion_fx_devices&quot;:[&quot;desktop&quot;,&quot;tablet&quot;,&quot;mobile&quot;]}\">\n\t\t\t\t\t\t\t<div class=\"elementor-background-overlay\"><\/div>\n\t\t\t\t\t\t\t<div class=\"elementor-container elementor-column-gap-wider\">\n\t\t\t\t\t<div class=\"elementor-column elementor-col-100 elementor-top-column elementor-element elementor-element-24df966\" data-id=\"24df966\" data-element_type=\"column\">\n\t\t\t<div class=\"elementor-widget-wrap elementor-element-populated\">\n\t\t\t\t\t\t<div class=\"elementor-element elementor-element-fa555bc elementor-widget elementor-widget-spacer\" data-id=\"fa555bc\" data-element_type=\"widget\" data-widget_type=\"spacer.default\">\n\t\t\t\t<div class=\"elementor-widget-container\">\n\t\t\t\t\t\t\t<div class=\"elementor-spacer\">\n\t\t\t<div class=\"elementor-spacer-inner\"><\/div>\n\t\t<\/div>\n\t\t\t\t\t\t<\/div>\n\t\t\t\t<\/div>\n\t\t\t\t<div class=\"elementor-element elementor-element-8928c9a elementor-widget elementor-widget-heading\" data-id=\"8928c9a\" data-element_type=\"widget\" data-widget_type=\"heading.default\">\n\t\t\t\t<div class=\"elementor-widget-container\">\n\t\t\t\t\t<h1 class=\"elementor-heading-title elementor-size-default\">Contacto<\/h1>\t\t\t\t<\/div>\n\t\t\t\t<\/div>\n\t\t\t\t\t<\/div>\n\t\t<\/div>\n\t\t\t\t\t<\/div>\n\t\t<\/section>\n\t\t\t\t<section class=\"elementor-section elementor-top-section elementor-element elementor-element-6ad1224 elementor-section-height-min-height elementor-section-boxed elementor-section-height-default elementor-section-items-middle\" data-id=\"6ad1224\" data-element_type=\"section\">\n\t\t\t\t\t\t<div class=\"elementor-container elementor-column-gap-default\">\n\t\t\t\t\t<div class=\"elementor-column elementor-col-100 elementor-top-column elementor-element elementor-element-2f670f8\" data-id=\"2f670f8\" data-element_type=\"column\">\n\t\t\t<div class=\"elementor-widget-wrap elementor-element-populated\">\n\t\t\t\t\t\t<div class=\"elementor-element elementor-element-de4bd51 elementor-widget elementor-widget-heading\" data-id=\"de4bd51\" data-element_type=\"widget\" data-widget_type=\"heading.default\">\n\t\t\t\t<div class=\"elementor-widget-container\">\n\t\t\t\t\t<h3 class=\"elementor-heading-title elementor-size-default\">Referencias de contacto<\/h3>\t\t\t\t<\/div>\n\t\t\t\t<\/div>\n\t\t\t\t\t<\/div>\n\t\t<\/div>\n\t\t\t\t\t<\/div>\n\t\t<\/section>\n\t\t\t\t<section class=\"elementor-section elementor-top-section elementor-element elementor-element-9a48dbc elementor-section-boxed elementor-section-height-default elementor-section-height-default\" data-id=\"9a48dbc\" data-element_type=\"section\">\n\t\t\t\t\t\t<div class=\"elementor-container elementor-column-gap-default\">\n\t\t\t\t\t<div class=\"elementor-column elementor-col-33 elementor-top-column elementor-element elementor-element-576ce69\" data-id=\"576ce69\" data-element_type=\"column\">\n\t\t\t<div class=\"elementor-widget-wrap elementor-element-populated\">\n\t\t\t\t\t\t<div class=\"elementor-element elementor-element-4f73e13 elementor-widget elementor-widget-text-editor\" data-id=\"4f73e13\" data-element_type=\"widget\" data-widget_type=\"text-editor.default\">\n\t\t\t\t<div class=\"elementor-widget-container\">\n\t\t\t\t\t\t\t\t\t<p><strong>INFORMACIONES GENERALES<\/strong><\/p>\n<p>info.br@texa.com<\/p>\n\t\t\t\t\t\t\t\t<\/div>\n\t\t\t\t<\/div>\n\t\t\t\t<div class=\"elementor-element elementor-element-51aeb19 elementor-widget elementor-widget-text-editor\" data-id=\"51aeb19\" data-element_type=\"widget\" data-widget_type=\"text-editor.default\">\n\t\t\t\t<div class=\"elementor-widget-container\">\n\t\t\t\t\t\t\t\t\t<p><strong>RECURSOS HUMANOS<\/strong><\/p>\n<p>hr.br@texa.com<\/p>\n\t\t\t\t\t\t\t\t<\/div>\n\t\t\t\t<\/div>\n\t\t\t\t<div class=\"elementor-element elementor-element-9dd9c4b elementor-widget elementor-widget-text-editor\" data-id=\"9dd9c4b\" data-element_type=\"widget\" data-widget_type=\"text-editor.default\">\n\t\t\t\t<div class=\"elementor-widget-container\">\n\t\t\t\t\t\t\t\t\t<h4>MARKETING<\/h4>\n<p>marketing.br@texa.com<\/p>\n\t\t\t\t\t\t\t\t<\/div>\n\t\t\t\t<\/div>\n\t\t\t\t\t<\/div>\n\t\t<\/div>\n\t\t\t\t<div class=\"elementor-column elementor-col-33 elementor-top-column elementor-element elementor-element-86e7884\" data-id=\"86e7884\" data-element_type=\"column\">\n\t\t\t<div class=\"elementor-widget-wrap elementor-element-populated\">\n\t\t\t\t\t\t<div class=\"elementor-element elementor-element-bf47074 elementor-widget elementor-widget-text-editor\" data-id=\"bf47074\" data-element_type=\"widget\" data-widget_type=\"text-editor.default\">\n\t\t\t\t<div class=\"elementor-widget-container\">\n\t\t\t\t\t\t\t\t\t<h4>COMERCIAL<\/h4>\n<p>comercial.br@texa.com<\/p>\n\t\t\t\t\t\t\t\t<\/div>\n\t\t\t\t<\/div>\n\t\t\t\t<div class=\"elementor-element elementor-element-7ea3814 elementor-widget elementor-widget-text-editor\" data-id=\"7ea3814\" data-element_type=\"widget\" data-widget_type=\"text-editor.default\">\n\t\t\t\t<div class=\"elementor-widget-container\">\n\t\t\t\t\t\t\t\t\t<p><strong>SOPORTE T\u00c9CNICO<\/strong><\/p>\n<p>suporte.br@texa.com<\/p>\n\t\t\t\t\t\t\t\t<\/div>\n\t\t\t\t<\/div>\n\t\t\t\t<div class=\"elementor-element elementor-element-c568091 elementor-widget elementor-widget-text-editor\" data-id=\"c568091\" data-element_type=\"widget\" data-widget_type=\"text-editor.default\">\n\t\t\t\t<div class=\"elementor-widget-container\">\n\t\t\t\t\t\t\t\t\t<h4>WHATSAPP<\/h4>\n<p>+55 (11) 4118 4444<\/p>\n\t\t\t\t\t\t\t\t<\/div>\n\t\t\t\t<\/div>\n\t\t\t\t\t<\/div>\n\t\t<\/div>\n\t\t\t\t<div class=\"elementor-column elementor-col-33 elementor-top-column elementor-element elementor-element-0378599\" data-id=\"0378599\" data-element_type=\"column\">\n\t\t\t<div class=\"elementor-widget-wrap elementor-element-populated\">\n\t\t\t\t\t\t<div class=\"elementor-element elementor-element-e61dc73 elementor-widget elementor-widget-text-editor\" data-id=\"e61dc73\" data-element_type=\"widget\" data-widget_type=\"text-editor.default\">\n\t\t\t\t<div class=\"elementor-widget-container\">\n\t\t\t\t\t\t\t\t\t<h4 style=\"color: #000000;\">CURSOS TEXAEDU<\/h4><br><p style=\"font-size: 16px; font-weight: 400; text-transform: none;\">texaedu.br@texa.com<\/p>\t\t\t\t\t\t\t\t<\/div>\n\t\t\t\t<\/div>\n\t\t\t\t<div class=\"elementor-element elementor-element-b27771b elementor-widget elementor-widget-text-editor\" data-id=\"b27771b\" data-element_type=\"widget\" data-widget_type=\"text-editor.default\">\n\t\t\t\t<div class=\"elementor-widget-container\">\n\t\t\t\t\t\t\t\t\t<p><strong>ASISTENCIA T\u00c9CNICA<\/strong><\/p>\n<p>assistec.br@texa.com<\/p>\n\t\t\t\t\t\t\t\t<\/div>\n\t\t\t\t<\/div>\n\t\t\t\t<div class=\"elementor-element elementor-element-8161af5 elementor-widget elementor-widget-text-editor\" data-id=\"8161af5\" data-element_type=\"widget\" data-widget_type=\"text-editor.default\">\n\t\t\t\t<div class=\"elementor-widget-container\">\n\t\t\t\t\t\t\t\t\t<p><strong>TEL\u00c9FONO<\/strong><\/p>\n<p>+55 11 4118 4444<\/p>\n\t\t\t\t\t\t\t\t<\/div>\n\t\t\t\t<\/div>\n\t\t\t\t\t<\/div>\n\t\t<\/div>\n\t\t\t\t\t<\/div>\n\t\t<\/section>\n\t\t\t\t<section class=\"elementor-section elementor-top-section elementor-element elementor-element-fdc8334 elementor-section-boxed elementor-section-height-default elementor-section-height-default\" data-id=\"fdc8334\" data-element_type=\"section\">\n\t\t\t\t\t\t<div class=\"elementor-container elementor-column-gap-default\">\n\t\t\t\t\t<div class=\"elementor-column elementor-col-100 elementor-top-column elementor-element elementor-element-af2c320\" data-id=\"af2c320\" data-element_type=\"column\">\n\t\t\t<div class=\"elementor-widget-wrap elementor-element-populated\">\n\t\t\t\t\t\t<div class=\"elementor-element elementor-element-47ffe42 elementor-widget elementor-widget-spacer\" data-id=\"47ffe42\" data-element_type=\"widget\" data-widget_type=\"spacer.default\">\n\t\t\t\t<div class=\"elementor-widget-container\">\n\t\t\t\t\t\t\t<div class=\"elementor-spacer\">\n\t\t\t<div class=\"elementor-spacer-inner\"><\/div>\n\t\t<\/div>\n\t\t\t\t\t\t<\/div>\n\t\t\t\t<\/div>\n\t\t\t\t\t<\/div>\n\t\t<\/div>\n\t\t\t\t\t<\/div>\n\t\t<\/section>\n\t\t\t\t<\/div>\n\t\t","protected":false},"excerpt":{"rendered":"<p>Referencias de contacto INFORMACIONES GENERALES info.br@texa.com RECURSOS HUMANOS hr.br@texa.com MARKETING marketing.br@texa.com COMERCIAL comercial.br@texa.com SOPORTE T\u00c9CNICO suporte.br@texa.com WHATSAPP +55 (11) 4118 4444 CURSOS TEXAEDU texaedu.br@texa.com ASISTENCIA T\u00c9CNICA assistec.br@texa.com TEL\u00c9FONO +55 11 4118 4444<\/p>\n","protected":false},"author":1,"featured_media":22864,"parent":25795,"menu_order":6,"comment_status":"closed","ping_status":"closed","template":"","meta":{"_acf_changed":false,"footnotes":""},"tags":[],"class_list":["post-25801","page","type-page","status-publish","has-post-thumbnail","hentry"],"acf":[],"yoast_head":"<!-- This site is optimized with the Yoast SEO plugin v26.8 - https:\/\/yoast.com\/product\/yoast-seo-wordpress\/ -->\n<title>Contacto TEXA LATAM: p\u00f3ngase en contacto para m\u00e1s informaci\u00f3n<\/title>\n<meta name=\"description\" content=\"Los n\u00fameros de tel\u00e9fono y direcciones de correo electr\u00f3nico de TEXA LATAM est\u00e1n disponibles para proporcionar informaci\u00f3n sobre productos y servicios.\" \/>\n<meta name=\"robots\" content=\"index, follow, max-snippet:-1, max-image-preview:large, max-video-preview:-1\" \/>\n<link rel=\"canonical\" href=\"https:\/\/www.texabrasil.com.br\/empresa\/contato\/\" \/>\n<meta property=\"og:locale\" content=\"es_ES\" \/>\n<meta property=\"og:type\" content=\"article\" \/>\n<meta property=\"og:title\" content=\"Contacto TEXA LATAM: p\u00f3ngase en contacto para m\u00e1s informaci\u00f3n\" \/>\n<meta property=\"og:description\" content=\"Los n\u00fameros de tel\u00e9fono y direcciones de correo electr\u00f3nico de TEXA LATAM est\u00e1n disponibles para proporcionar informaci\u00f3n sobre productos y servicios.\" \/>\n<meta property=\"og:url\" content=\"https:\/\/www.texabrasil.com.br\/empresa\/contato\/\" \/>\n<meta property=\"og:site_name\" content=\"TEXA\" \/>\n<meta property=\"article:publisher\" content=\"https:\/\/www.facebook.com\/texabrasil\" \/>\n<meta property=\"article:modified_time\" content=\"2025-08-01T15:19:20+00:00\" \/>\n<meta property=\"og:image\" content=\"https:\/\/www.texabrasil.com.br\/wp-content\/uploads\/2020\/01\/TEXA-Lavora-con-Noi2.jpg\" \/>\n\t<meta property=\"og:image:width\" content=\"1920\" \/>\n\t<meta property=\"og:image:height\" content=\"900\" \/>\n\t<meta property=\"og:image:type\" content=\"image\/jpeg\" \/>\n<meta name=\"twitter:card\" content=\"summary_large_image\" \/>\n<meta name=\"twitter:label1\" content=\"Tiempo de lectura\" \/>\n\t<meta name=\"twitter:data1\" content=\"1 minuto\" \/>\n<script type=\"application\/ld+json\" class=\"yoast-schema-graph\">{\"@context\":\"https:\/\/schema.org\",\"@graph\":[{\"@type\":\"WebPage\",\"@id\":\"https:\/\/www.texabrasil.com.br\/empresa\/contato\/\",\"url\":\"https:\/\/www.texabrasil.com.br\/empresa\/contato\/\",\"name\":\"Contacto TEXA LATAM: p\u00f3ngase en contacto para m\u00e1s informaci\u00f3n\",\"isPartOf\":{\"@id\":\"https:\/\/www.texabrasil.com.br\/#website\"},\"primaryImageOfPage\":{\"@id\":\"https:\/\/www.texabrasil.com.br\/empresa\/contato\/#primaryimage\"},\"image\":{\"@id\":\"https:\/\/www.texabrasil.com.br\/empresa\/contato\/#primaryimage\"},\"thumbnailUrl\":\"https:\/\/www.texabrasil.com.br\/wp-content\/uploads\/2020\/01\/TEXA-Lavora-con-Noi2.jpg\",\"datePublished\":\"2019-11-12T14:38:33+00:00\",\"dateModified\":\"2025-08-01T15:19:20+00:00\",\"description\":\"Los n\u00fameros de tel\u00e9fono y direcciones de correo electr\u00f3nico de TEXA LATAM est\u00e1n disponibles para proporcionar informaci\u00f3n sobre productos y servicios.\",\"breadcrumb\":{\"@id\":\"https:\/\/www.texabrasil.com.br\/empresa\/contato\/#breadcrumb\"},\"inLanguage\":\"es\",\"potentialAction\":[{\"@type\":\"ReadAction\",\"target\":[\"https:\/\/www.texabrasil.com.br\/empresa\/contato\/\"]}]},{\"@type\":\"ImageObject\",\"inLanguage\":\"es\",\"@id\":\"https:\/\/www.texabrasil.com.br\/empresa\/contato\/#primaryimage\",\"url\":\"https:\/\/www.texabrasil.com.br\/wp-content\/uploads\/2020\/01\/TEXA-Lavora-con-Noi2.jpg\",\"contentUrl\":\"https:\/\/www.texabrasil.com.br\/wp-content\/uploads\/2020\/01\/TEXA-Lavora-con-Noi2.jpg\",\"width\":1920,\"height\":900},{\"@type\":\"BreadcrumbList\",\"@id\":\"https:\/\/www.texabrasil.com.br\/empresa\/contato\/#breadcrumb\",\"itemListElement\":[{\"@type\":\"ListItem\",\"position\":1,\"name\":\"Home\",\"item\":\"https:\/\/www.texabrasil.com.br\/\"},{\"@type\":\"ListItem\",\"position\":2,\"name\":\"Empresa\",\"item\":\"https:\/\/www.texabrasil.com.br\/empresa\/\"},{\"@type\":\"ListItem\",\"position\":3,\"name\":\"Contacto\"}]},{\"@type\":\"WebSite\",\"@id\":\"https:\/\/www.texabrasil.com.br\/#website\",\"url\":\"https:\/\/www.texabrasil.com.br\/\",\"name\":\"TEXA do Brasil\",\"description\":\"for automotive professionals\",\"publisher\":{\"@id\":\"https:\/\/www.texabrasil.com.br\/#organization\"},\"potentialAction\":[{\"@type\":\"SearchAction\",\"target\":{\"@type\":\"EntryPoint\",\"urlTemplate\":\"https:\/\/www.texabrasil.com.br\/?s={search_term_string}\"},\"query-input\":{\"@type\":\"PropertyValueSpecification\",\"valueRequired\":true,\"valueName\":\"search_term_string\"}}],\"inLanguage\":\"es\"},{\"@type\":\"Organization\",\"@id\":\"https:\/\/www.texabrasil.com.br\/#organization\",\"name\":\"TEXA do Brasil - Diagn\u00f3stico multimarcas e recicladoras de A\/C\",\"url\":\"https:\/\/www.texabrasil.com.br\/\",\"logo\":{\"@type\":\"ImageObject\",\"inLanguage\":\"es\",\"@id\":\"https:\/\/www.texabrasil.com.br\/#\/schema\/logo\/image\/\",\"url\":\"https:\/\/www.texabrasil.com.br\/wp-content\/uploads\/2019\/11\/logo-TEXA.jpg\",\"contentUrl\":\"https:\/\/www.texabrasil.com.br\/wp-content\/uploads\/2019\/11\/logo-TEXA.jpg\",\"width\":300,\"height\":300,\"caption\":\"TEXA do Brasil - Diagn\u00f3stico multimarcas e recicladoras de A\/C\"},\"image\":{\"@id\":\"https:\/\/www.texabrasil.com.br\/#\/schema\/logo\/image\/\"},\"sameAs\":[\"https:\/\/www.facebook.com\/texabrasil\",\"https:\/\/www.instagram.com\/texabrasil\/\",\"https:\/\/www.linkedin.com\/company\/texabrasil\/\",\"https:\/\/www.youtube.com\/texabrasil\"]}]}<\/script>\n<!-- \/ Yoast SEO plugin. -->","yoast_head_json":{"title":"Contacto TEXA LATAM: p\u00f3ngase en contacto para m\u00e1s informaci\u00f3n","description":"Los n\u00fameros de tel\u00e9fono y direcciones de correo electr\u00f3nico de TEXA LATAM est\u00e1n disponibles para proporcionar informaci\u00f3n sobre productos y servicios.","robots":{"index":"index","follow":"follow","max-snippet":"max-snippet:-1","max-image-preview":"max-image-preview:large","max-video-preview":"max-video-preview:-1"},"canonical":"https:\/\/www.texabrasil.com.br\/empresa\/contato\/","og_locale":"es_ES","og_type":"article","og_title":"Contacto TEXA LATAM: p\u00f3ngase en contacto para m\u00e1s informaci\u00f3n","og_description":"Los n\u00fameros de tel\u00e9fono y direcciones de correo electr\u00f3nico de TEXA LATAM est\u00e1n disponibles para proporcionar informaci\u00f3n sobre productos y servicios.","og_url":"https:\/\/www.texabrasil.com.br\/empresa\/contato\/","og_site_name":"TEXA","article_publisher":"https:\/\/www.facebook.com\/texabrasil","article_modified_time":"2025-08-01T15:19:20+00:00","og_image":[{"width":1920,"height":900,"url":"https:\/\/www.texabrasil.com.br\/wp-content\/uploads\/2020\/01\/TEXA-Lavora-con-Noi2.jpg","type":"image\/jpeg"}],"twitter_card":"summary_large_image","twitter_misc":{"Tiempo de lectura":"1 minuto"},"schema":{"@context":"https:\/\/schema.org","@graph":[{"@type":"WebPage","@id":"https:\/\/www.texabrasil.com.br\/empresa\/contato\/","url":"https:\/\/www.texabrasil.com.br\/empresa\/contato\/","name":"Contacto TEXA LATAM: p\u00f3ngase en contacto para m\u00e1s informaci\u00f3n","isPartOf":{"@id":"https:\/\/www.texabrasil.com.br\/#website"},"primaryImageOfPage":{"@id":"https:\/\/www.texabrasil.com.br\/empresa\/contato\/#primaryimage"},"image":{"@id":"https:\/\/www.texabrasil.com.br\/empresa\/contato\/#primaryimage"},"thumbnailUrl":"https:\/\/www.texabrasil.com.br\/wp-content\/uploads\/2020\/01\/TEXA-Lavora-con-Noi2.jpg","datePublished":"2019-11-12T14:38:33+00:00","dateModified":"2025-08-01T15:19:20+00:00","description":"Los n\u00fameros de tel\u00e9fono y direcciones de correo electr\u00f3nico de TEXA LATAM est\u00e1n disponibles para proporcionar informaci\u00f3n sobre productos y servicios.","breadcrumb":{"@id":"https:\/\/www.texabrasil.com.br\/empresa\/contato\/#breadcrumb"},"inLanguage":"es","potentialAction":[{"@type":"ReadAction","target":["https:\/\/www.texabrasil.com.br\/empresa\/contato\/"]}]},{"@type":"ImageObject","inLanguage":"es","@id":"https:\/\/www.texabrasil.com.br\/empresa\/contato\/#primaryimage","url":"https:\/\/www.texabrasil.com.br\/wp-content\/uploads\/2020\/01\/TEXA-Lavora-con-Noi2.jpg","contentUrl":"https:\/\/www.texabrasil.com.br\/wp-content\/uploads\/2020\/01\/TEXA-Lavora-con-Noi2.jpg","width":1920,"height":900},{"@type":"BreadcrumbList","@id":"https:\/\/www.texabrasil.com.br\/empresa\/contato\/#breadcrumb","itemListElement":[{"@type":"ListItem","position":1,"name":"Home","item":"https:\/\/www.texabrasil.com.br\/"},{"@type":"ListItem","position":2,"name":"Empresa","item":"https:\/\/www.texabrasil.com.br\/empresa\/"},{"@type":"ListItem","position":3,"name":"Contacto"}]},{"@type":"WebSite","@id":"https:\/\/www.texabrasil.com.br\/#website","url":"https:\/\/www.texabrasil.com.br\/","name":"TEXA do Brasil","description":"for automotive professionals","publisher":{"@id":"https:\/\/www.texabrasil.com.br\/#organization"},"potentialAction":[{"@type":"SearchAction","target":{"@type":"EntryPoint","urlTemplate":"https:\/\/www.texabrasil.com.br\/?s={search_term_string}"},"query-input":{"@type":"PropertyValueSpecification","valueRequired":true,"valueName":"search_term_string"}}],"inLanguage":"es"},{"@type":"Organization","@id":"https:\/\/www.texabrasil.com.br\/#organization","name":"TEXA do Brasil - Diagn\u00f3stico multimarcas e recicladoras de A\/C","url":"https:\/\/www.texabrasil.com.br\/","logo":{"@type":"ImageObject","inLanguage":"es","@id":"https:\/\/www.texabrasil.com.br\/#\/schema\/logo\/image\/","url":"https:\/\/www.texabrasil.com.br\/wp-content\/uploads\/2019\/11\/logo-TEXA.jpg","contentUrl":"https:\/\/www.texabrasil.com.br\/wp-content\/uploads\/2019\/11\/logo-TEXA.jpg","width":300,"height":300,"caption":"TEXA do Brasil - Diagn\u00f3stico multimarcas e recicladoras de A\/C"},"image":{"@id":"https:\/\/www.texabrasil.com.br\/#\/schema\/logo\/image\/"},"sameAs":["https:\/\/www.facebook.com\/texabrasil","https:\/\/www.instagram.com\/texabrasil\/","https:\/\/www.linkedin.com\/company\/texabrasil\/","https:\/\/www.youtube.com\/texabrasil"]}]}},"_links":{"self":[{"href":"https:\/\/www.texabrasil.com.br\/es\/wp-json\/wp\/v2\/pages\/25801","targetHints":{"allow":["GET"]}}],"collection":[{"href":"https:\/\/www.texabrasil.com.br\/es\/wp-json\/wp\/v2\/pages"}],"about":[{"href":"https:\/\/www.texabrasil.com.br\/es\/wp-json\/wp\/v2\/types\/page"}],"author":[{"embeddable":true,"href":"https:\/\/www.texabrasil.com.br\/es\/wp-json\/wp\/v2\/users\/1"}],"replies":[{"embeddable":true,"href":"https:\/\/www.texabrasil.com.br\/es\/wp-json\/wp\/v2\/comments?post=25801"}],"version-history":[{"count":2,"href":"https:\/\/www.texabrasil.com.br\/es\/wp-json\/wp\/v2\/pages\/25801\/revisions"}],"predecessor-version":[{"id":28021,"href":"https:\/\/www.texabrasil.com.br\/es\/wp-json\/wp\/v2\/pages\/25801\/revisions\/28021"}],"up":[{"embeddable":true,"href":"https:\/\/www.texabrasil.com.br\/es\/wp-json\/wp\/v2\/pages\/25795"}],"wp:featuredmedia":[{"embeddable":true,"href":"https:\/\/www.texabrasil.com.br\/es\/wp-json\/wp\/v2\/media\/22864"}],"wp:attachment":[{"href":"https:\/\/www.texabrasil.com.br\/es\/wp-json\/wp\/v2\/media?parent=25801"}],"wp:term":[{"taxonomy":"post_tag","embeddable":true,"href":"https:\/\/www.texabrasil.com.br\/es\/wp-json\/wp\/v2\/tags?post=25801"}],"curies":[{"name":"wp","href":"https:\/\/api.w.org\/{rel}","templated":true}]}}