{"id":25803,"date":"2020-05-21T15:55:46","date_gmt":"2020-05-21T18:55:46","guid":{"rendered":"https:\/\/www.texabrasil.com.br\/empresa\/sucursales-de-texa\/"},"modified":"2025-08-01T12:17:05","modified_gmt":"2025-08-01T15:17:05","slug":"sucursales-de-texa","status":"publish","type":"page","link":"https:\/\/www.texabrasil.com.br\/es\/empresa\/sucursales-de-texa\/","title":{"rendered":"SUCURSALES DE TEXA"},"content":{"rendered":"\t\t<div data-elementor-type=\"wp-page\" data-elementor-id=\"25803\" class=\"elementor elementor-25803 elementor-1695\" data-elementor-post-type=\"page\">\n\t\t\t\t\t\t<section class=\"elementor-section elementor-top-section elementor-element elementor-element-6b612b9 elementor-section-height-min-height animated-slow elementor-section-items-stretch elementor-section-content-space-between elementor-section-boxed elementor-section-height-default elementor-invisible\" data-id=\"6b612b9\" data-element_type=\"section\" data-settings=\"{&quot;background_background&quot;:&quot;classic&quot;,&quot;animation&quot;:&quot;fadeIn&quot;,&quot;background_motion_fx_motion_fx_scrolling&quot;:&quot;yes&quot;,&quot;background_motion_fx_translateY_effect&quot;:&quot;yes&quot;,&quot;background_motion_fx_translateY_speed&quot;:{&quot;unit&quot;:&quot;px&quot;,&quot;size&quot;:2,&quot;sizes&quot;:[]},&quot;background_motion_fx_translateY_affectedRange&quot;:{&quot;unit&quot;:&quot;%&quot;,&quot;size&quot;:&quot;&quot;,&quot;sizes&quot;:{&quot;start&quot;:0,&quot;end&quot;:100}},&quot;background_motion_fx_devices&quot;:[&quot;desktop&quot;,&quot;tablet&quot;,&quot;mobile&quot;]}\">\n\t\t\t\t\t\t\t<div class=\"elementor-background-overlay\"><\/div>\n\t\t\t\t\t\t\t<div class=\"elementor-container elementor-column-gap-wider\">\n\t\t\t\t\t<div class=\"elementor-column elementor-col-100 elementor-top-column elementor-element elementor-element-b2e92af\" data-id=\"b2e92af\" data-element_type=\"column\">\n\t\t\t<div class=\"elementor-widget-wrap elementor-element-populated\">\n\t\t\t\t\t\t<div class=\"elementor-element elementor-element-2082953 elementor-widget elementor-widget-spacer\" data-id=\"2082953\" data-element_type=\"widget\" data-widget_type=\"spacer.default\">\n\t\t\t\t<div class=\"elementor-widget-container\">\n\t\t\t\t\t\t\t<div class=\"elementor-spacer\">\n\t\t\t<div class=\"elementor-spacer-inner\"><\/div>\n\t\t<\/div>\n\t\t\t\t\t\t<\/div>\n\t\t\t\t<\/div>\n\t\t\t\t<section class=\"elementor-section elementor-inner-section elementor-element elementor-element-f1adf3e elementor-section-boxed elementor-section-height-default elementor-section-height-default\" data-id=\"f1adf3e\" data-element_type=\"section\">\n\t\t\t\t\t\t<div class=\"elementor-container elementor-column-gap-default\">\n\t\t\t\t\t<div class=\"elementor-column elementor-col-100 elementor-inner-column elementor-element elementor-element-376b84f\" data-id=\"376b84f\" data-element_type=\"column\">\n\t\t\t<div class=\"elementor-widget-wrap elementor-element-populated\">\n\t\t\t\t\t\t<div class=\"elementor-element elementor-element-37b4061 elementor-widget elementor-widget-heading\" data-id=\"37b4061\" data-element_type=\"widget\" data-widget_type=\"heading.default\">\n\t\t\t\t<div class=\"elementor-widget-container\">\n\t\t\t\t\t<h1 class=\"elementor-heading-title elementor-size-default\">SUCURSALES DE TEXA<\/h1>\t\t\t\t<\/div>\n\t\t\t\t<\/div>\n\t\t\t\t\t<\/div>\n\t\t<\/div>\n\t\t\t\t\t<\/div>\n\t\t<\/section>\n\t\t\t\t\t<\/div>\n\t\t<\/div>\n\t\t\t\t\t<\/div>\n\t\t<\/section>\n\t\t\t\t<section class=\"elementor-section elementor-top-section elementor-element elementor-element-af23b14 elementor-section-boxed elementor-section-height-default elementor-section-height-default\" data-id=\"af23b14\" data-element_type=\"section\" id=\"continua\">\n\t\t\t\t\t\t<div class=\"elementor-container elementor-column-gap-wider\">\n\t\t\t\t\t<div class=\"elementor-column elementor-col-50 elementor-top-column elementor-element elementor-element-8dc0694\" data-id=\"8dc0694\" data-element_type=\"column\">\n\t\t\t<div class=\"elementor-widget-wrap elementor-element-populated\">\n\t\t\t\t\t\t<div class=\"elementor-element elementor-element-a2a64e6 elementor-widget elementor-widget-text-editor\" data-id=\"a2a64e6\" data-element_type=\"widget\" data-widget_type=\"text-editor.default\">\n\t\t\t\t<div class=\"elementor-widget-container\">\n\t\t\t\t\t\t\t\t\t<p><strong>TEXA S.p.A.<\/strong><br \/>Via Vallio, 15<br \/>31050 Monastier di Treviso (TV)<br \/>Italy<br \/>Tel. +39 0422 791 311<br \/>Fax +39 0422 791 300<br \/><a href=\"mailto:info.it@texa.com\">info.it@texa.com<\/a><\/p>\n<p><strong>www.texa.it<\/strong><\/p>\n\t\t\t\t\t\t\t\t<\/div>\n\t\t\t\t<\/div>\n\t\t\t\t\t<\/div>\n\t\t<\/div>\n\t\t\t\t<div class=\"elementor-column elementor-col-50 elementor-top-column elementor-element elementor-element-5e8419f\" data-id=\"5e8419f\" data-element_type=\"column\">\n\t\t\t<div class=\"elementor-widget-wrap elementor-element-populated\">\n\t\t\t\t\t\t<div class=\"elementor-element elementor-element-76dc18f elementor-widget elementor-widget-heading\" data-id=\"76dc18f\" data-element_type=\"widget\" data-widget_type=\"heading.default\">\n\t\t\t\t<div class=\"elementor-widget-container\">\n\t\t\t\t\t<h4 class=\"elementor-heading-title elementor-size-default\">TEXA en el mundo<\/h4>\t\t\t\t<\/div>\n\t\t\t\t<\/div>\n\t\t\t\t<div class=\"elementor-element elementor-element-a57e5cb elementor-widget elementor-widget-text-editor\" data-id=\"a57e5cb\" data-element_type=\"widget\" data-widget_type=\"text-editor.default\">\n\t\t\t\t<div class=\"elementor-widget-container\">\n\t\t\t\t\t\t\t\t\t<p>TEXA fue fundada en 1992 y hoy se encuentra entre los principales actores internacionales de la industria del autom\u00f3vil.<\/p>\n<p><strong>Concebe, industrializa e fabrica ferramentas de diagn\u00f3stico multimarcas, analisadores de gases de escape, esta\u00e7\u00f5es de manuten\u00e7\u00e3o de sistemas de ar condicionado<\/strong>, unidades completas para <strong>calibra\u00e7\u00e3o de ADAS<\/strong>, e dispositivos de diagn\u00f3stico remoto dedicados a ve\u00edculos.<\/p>\n<p>Outra \u00e1rea de atua\u00e7\u00e3o muito importante \u00e9 a produ\u00e7\u00e3o de sofisticados sistemas de inversores, unidades de controle de ve\u00edculos e motores el\u00e9tricos para ve\u00edculos de propuls\u00e3o el\u00e9tricos e h\u00edbridos.<\/p>\n<p>A sede fica em Monastier di Treviso, mas a TEXA tamb\u00e9m tem filiais pr\u00f3prias na Alemanha, Fran\u00e7a, Espanha, Reino Unido, Pol\u00f4nia, R\u00fassia, Estados Unidos e Brasil.<\/p>\n<p>Tem uma presen\u00e7a internacional bem enraizada, refor\u00e7ada pelos mais de 900 revendedores oficiais em todo o mundo.<\/p>\n\t\t\t\t\t\t\t\t<\/div>\n\t\t\t\t<\/div>\n\t\t\t\t\t<\/div>\n\t\t<\/div>\n\t\t\t\t\t<\/div>\n\t\t<\/section>\n\t\t\t\t<section class=\"elementor-section elementor-top-section elementor-element elementor-element-f624373 elementor-section-boxed elementor-section-height-default elementor-section-height-default\" data-id=\"f624373\" data-element_type=\"section\">\n\t\t\t\t\t\t<div class=\"elementor-container elementor-column-gap-default\">\n\t\t\t\t\t<div class=\"elementor-column elementor-col-100 elementor-top-column elementor-element elementor-element-84ffe27\" data-id=\"84ffe27\" data-element_type=\"column\">\n\t\t\t<div class=\"elementor-widget-wrap elementor-element-populated\">\n\t\t\t\t\t\t<div class=\"elementor-element elementor-element-d883bd2 elementor-widget elementor-widget-html\" data-id=\"d883bd2\" data-element_type=\"widget\" data-widget_type=\"html.default\">\n\t\t\t\t<div class=\"elementor-widget-container\">\n\t\t\t\t\t<iframe src=\"https:\/\/www.google.com\/maps\/d\/embed?mid=1SJnmQiDcc_HQHxs67Fxo64CC5po\" width=\"640\" height=\"480\"><\/iframe>\t\t\t\t<\/div>\n\t\t\t\t<\/div>\n\t\t\t\t\t<\/div>\n\t\t<\/div>\n\t\t\t\t\t<\/div>\n\t\t<\/section>\n\t\t\t\t<section class=\"elementor-section elementor-top-section elementor-element elementor-element-e09247f elementor-section-boxed elementor-section-height-default elementor-section-height-default\" data-id=\"e09247f\" data-element_type=\"section\">\n\t\t\t\t\t\t<div class=\"elementor-container elementor-column-gap-wider\">\n\t\t\t\t\t<div class=\"elementor-column elementor-col-25 elementor-top-column elementor-element elementor-element-11be9f4\" data-id=\"11be9f4\" data-element_type=\"column\">\n\t\t\t<div class=\"elementor-widget-wrap elementor-element-populated\">\n\t\t\t\t\t\t<div class=\"elementor-element elementor-element-f289533 elementor-widget elementor-widget-text-editor\" data-id=\"f289533\" data-element_type=\"widget\" data-widget_type=\"text-editor.default\">\n\t\t\t\t<div class=\"elementor-widget-container\">\n\t\t\t\t\t\t\t\t\t<p><strong>TEXA Deutschland GmbH<\/strong><br \/>In den M\u00fchlwiesen, 5<br \/>D-74182 Obersulm<br \/>Deutschland<br \/>Internal Sales (Vertrieb):<br \/>+49 (0) 7134\/9177-0<br \/>CallCenter (Kundendienst):<br \/>+49 (0) 7134 91 77-4<br \/><a href=\"mailto:info.de@texa.com\">info.de@texa.com<\/a><\/p>\n<p><a href=\"http:\/\/www.texadeutschland.com\" target=\"_blank\" rel=\"noopener\"><strong>www.texadeutschland.com<\/strong><\/a><\/p>\n\t\t\t\t\t\t\t\t<\/div>\n\t\t\t\t<\/div>\n\t\t\t\t\t<\/div>\n\t\t<\/div>\n\t\t\t\t<div class=\"elementor-column elementor-col-25 elementor-top-column elementor-element elementor-element-de00c8d\" data-id=\"de00c8d\" data-element_type=\"column\">\n\t\t\t<div class=\"elementor-widget-wrap elementor-element-populated\">\n\t\t\t\t\t\t<div class=\"elementor-element elementor-element-3990523 elementor-widget elementor-widget-text-editor\" data-id=\"3990523\" data-element_type=\"widget\" data-widget_type=\"text-editor.default\">\n\t\t\t\t<div class=\"elementor-widget-container\">\n\t\t\t\t\t\t\t\t\t<p><strong>TEXA Ib\u00e9rica Diagnosis, S.A<\/strong><br \/>Carrer Llevant, 2<br \/>La Palma de Cervell\u00f3 &#8211; 08756 Barcelona<br \/>Spain<br \/>Tel. +34 93 653 5099<br \/>Fax +34 93 653 5083<br \/><a href=\"mailto:info.es@texa.com\">info.es@texa.com<\/a><\/p>\n<p><a href=\"http:\/\/www.texaiberica.com\" target=\"_blank\" rel=\"noopener\"><strong>www.texaiberica.com<\/strong><\/a><\/p>\n\t\t\t\t\t\t\t\t<\/div>\n\t\t\t\t<\/div>\n\t\t\t\t\t<\/div>\n\t\t<\/div>\n\t\t\t\t<div class=\"elementor-column elementor-col-25 elementor-top-column elementor-element elementor-element-89fa8a5\" data-id=\"89fa8a5\" data-element_type=\"column\">\n\t\t\t<div class=\"elementor-widget-wrap elementor-element-populated\">\n\t\t\t\t\t\t<div class=\"elementor-element elementor-element-23ad7f1 elementor-widget elementor-widget-text-editor\" data-id=\"23ad7f1\" data-element_type=\"widget\" data-widget_type=\"text-editor.default\">\n\t\t\t\t<div class=\"elementor-widget-container\">\n\t\t\t\t\t\t\t\t\t<p><strong>TEXA UK Ltd<\/strong><br \/>32-34 Churchill Way &#8211; Lomeshaye Ind. Est.<br \/>Nelson &#8211; Lancashire &#8211; BB9 6RT<br \/>United Kingdom<br \/>Tel. +44 012 826 067 87<br \/>Fax +44 012 826 042 40<br \/><a href=\"mailto:info.uk@texa.com\">info.uk@texa.com<\/a><\/p>\n<p><a href=\"http:\/\/www.texa.co.uk\" target=\"_blank\" rel=\"noopener\"><strong>www.texa.co.uk<\/strong><\/a><\/p>\n\t\t\t\t\t\t\t\t<\/div>\n\t\t\t\t<\/div>\n\t\t\t\t\t<\/div>\n\t\t<\/div>\n\t\t\t\t<div class=\"elementor-column elementor-col-25 elementor-top-column elementor-element elementor-element-795ae91\" data-id=\"795ae91\" data-element_type=\"column\">\n\t\t\t<div class=\"elementor-widget-wrap elementor-element-populated\">\n\t\t\t\t\t\t<div class=\"elementor-element elementor-element-0627d71 elementor-widget elementor-widget-text-editor\" data-id=\"0627d71\" data-element_type=\"widget\" data-widget_type=\"text-editor.default\">\n\t\t\t\t<div class=\"elementor-widget-container\">\n\t\t\t\t\t\t\t\t\t<p><strong>TEXA France SARL<\/strong><br \/>12 Rue Jules Grevy<br \/>42350 La Talaudi\u00e8re<br \/>France<br \/>T\u00e9l. +33 04 775 355 10<br \/>Fax +33 04 775 342 87<br \/><a href=\"mailto:info.fr@texa.com\" target=\"_blank\" rel=\"nofollow noopener\">info.fr@texa.com<\/a><\/p>\n<p><a href=\"http:\/\/www.texafrance.fr\" target=\"_blank\" rel=\"nofollow noopener\"><strong>www.texafrance.fr<\/strong><\/a><\/p>\n\t\t\t\t\t\t\t\t<\/div>\n\t\t\t\t<\/div>\n\t\t\t\t\t<\/div>\n\t\t<\/div>\n\t\t\t\t\t<\/div>\n\t\t<\/section>\n\t\t\t\t<section class=\"elementor-section elementor-top-section elementor-element elementor-element-ea88307 elementor-section-boxed elementor-section-height-default elementor-section-height-default\" data-id=\"ea88307\" data-element_type=\"section\">\n\t\t\t\t\t\t<div class=\"elementor-container elementor-column-gap-wider\">\n\t\t\t\t\t<div class=\"elementor-column elementor-col-25 elementor-top-column elementor-element elementor-element-b01dd69\" data-id=\"b01dd69\" data-element_type=\"column\">\n\t\t\t<div class=\"elementor-widget-wrap elementor-element-populated\">\n\t\t\t\t\t\t<div class=\"elementor-element elementor-element-728975c elementor-widget elementor-widget-text-editor\" data-id=\"728975c\" data-element_type=\"widget\" data-widget_type=\"text-editor.default\">\n\t\t\t\t<div class=\"elementor-widget-container\">\n\t\t\t\t\t\t\t\t\t<p><strong>TEXA Poland Sp. Z O.O.<\/strong><br \/>Ul. Brzezi\u0144ska, 52A<br \/>41-404 Mys\u0142owice<br \/>Poland<br \/>Tel. +48 32 364 18 80<br \/><a href=\"mailto:info.pl@texa.com\" target=\"_blank\" rel=\"nofollow noopener\">info.pl@texa.com<\/a><\/p>\n<p><strong><a href=\"http:\/\/www.texapoland.pl\" target=\"_blank\" rel=\"nofollow noopener\">www.texapoland.pl<\/a><\/strong><\/p>\n\t\t\t\t\t\t\t\t<\/div>\n\t\t\t\t<\/div>\n\t\t\t\t\t<\/div>\n\t\t<\/div>\n\t\t\t\t<div class=\"elementor-column elementor-col-25 elementor-top-column elementor-element elementor-element-f57a191\" data-id=\"f57a191\" data-element_type=\"column\">\n\t\t\t<div class=\"elementor-widget-wrap elementor-element-populated\">\n\t\t\t\t\t\t<div class=\"elementor-element elementor-element-db548c6 elementor-widget elementor-widget-text-editor\" data-id=\"db548c6\" data-element_type=\"widget\" data-widget_type=\"text-editor.default\">\n\t\t\t\t<div class=\"elementor-widget-container\">\n\t\t\t\t\t\t\t\t\t<strong>TEXA Diagn\u00f3stico Automotivo do Brasil Comercial LTDA.<\/strong><br>Rua Herculano de Freitas, 377<br>Bairro Funda\u00e7\u00e3o<br>CEP 09520-280<br>S\u00e3o Caetano do Sul<br>S\u00e3o Paulo \u2013 BRASIL<br>Tel. +55 11 4118 4444<br>Tel. 0800 602 1000<br><br><a href=\"mailto:info.br@texa.com\">info.br@texa.com<\/a><br><a href=\"mailto:info.latam@texa.com\">info.latam@texa.com<\/a><br><br><a href=\"http:\/\/www.texabrasil.com.br\" target=\"_blank\" rel=\"noopener\"><strong>www.texabrasil.com.br<\/strong><\/a><br><a href=\"http:\/\/www.texalatam.com\" target=\"_blank\" rel=\"noopener\"><strong>www.texalatam.com<\/strong><\/a>\t\t\t\t\t\t\t\t<\/div>\n\t\t\t\t<\/div>\n\t\t\t\t\t<\/div>\n\t\t<\/div>\n\t\t\t\t<div class=\"elementor-column elementor-col-25 elementor-top-column elementor-element elementor-element-360b129\" data-id=\"360b129\" data-element_type=\"column\">\n\t\t\t<div class=\"elementor-widget-wrap elementor-element-populated\">\n\t\t\t\t\t\t<div class=\"elementor-element elementor-element-27a6390 elementor-widget elementor-widget-text-editor\" data-id=\"27a6390\" data-element_type=\"widget\" data-widget_type=\"text-editor.default\">\n\t\t\t\t<div class=\"elementor-widget-container\">\n\t\t\t\t\t\t\t\t\t<p><strong>TEXA USA Inc.<\/strong><br \/>409 Joyce Kilmer Avenue<br \/>New Brunswick, NJ, 08901<br \/>Tel. +1 855.200.8392<br \/><a href=\"mailto:northamerica@texa.com\">northamerica@texa.com<\/a><\/p>\n<p><a href=\"http:\/\/www.texausa.com\" target=\"_blank\" rel=\"noopener\"><strong>www.texausa.com<\/strong><\/a><\/p>\n\t\t\t\t\t\t\t\t<\/div>\n\t\t\t\t<\/div>\n\t\t\t\t\t<\/div>\n\t\t<\/div>\n\t\t\t\t<div class=\"elementor-column elementor-col-25 elementor-top-column elementor-element elementor-element-0856cd2\" data-id=\"0856cd2\" data-element_type=\"column\">\n\t\t\t<div class=\"elementor-widget-wrap\">\n\t\t\t\t\t\t\t<\/div>\n\t\t<\/div>\n\t\t\t\t\t<\/div>\n\t\t<\/section>\n\t\t\t\t<\/div>\n\t\t","protected":false},"excerpt":{"rendered":"<p>TEXA S.p.A.Via Vallio, 1531050 Monastier di Treviso (TV)ItalyTel. +39 0422 791 311Fax +39 0422 791 300info.it@texa.com www.texa.it TEXA en el mundo TEXA fue fundada en 1992 y hoy se encuentra entre los principales actores internacionales de la industria del autom\u00f3vil. Concebe, industrializa e fabrica ferramentas de diagn\u00f3stico multimarcas, analisadores de gases de escape, esta\u00e7\u00f5es de [&hellip;]<\/p>\n","protected":false},"author":2,"featured_media":23000,"parent":25795,"menu_order":6,"comment_status":"closed","ping_status":"closed","template":"","meta":{"_acf_changed":false,"footnotes":""},"tags":[],"class_list":["post-25803","page","type-page","status-publish","has-post-thumbnail","hentry"],"acf":[],"yoast_head":"<!-- This site is optimized with the Yoast SEO plugin v26.8 - https:\/\/yoast.com\/product\/yoast-seo-wordpress\/ -->\n<title>TEXA en el mundo<\/title>\n<meta name=\"description\" content=\"TEXA fue fundada en 1992 y hoy se encuentra entre los principales actores internacionales de la industria del autom\u00f3vil.\" \/>\n<meta name=\"robots\" content=\"index, follow, max-snippet:-1, max-image-preview:large, max-video-preview:-1\" \/>\n<link rel=\"canonical\" href=\"https:\/\/www.texabrasil.com.br\/empresa\/branches\/\" \/>\n<meta property=\"og:locale\" content=\"es_ES\" \/>\n<meta property=\"og:type\" content=\"article\" \/>\n<meta property=\"og:title\" content=\"TEXA en el mundo\" \/>\n<meta property=\"og:description\" content=\"TEXA fue fundada en 1992 y hoy se encuentra entre los principales actores internacionales de la industria del autom\u00f3vil.\" \/>\n<meta property=\"og:url\" content=\"https:\/\/www.texabrasil.com.br\/empresa\/branches\/\" \/>\n<meta property=\"og:site_name\" content=\"TEXA\" \/>\n<meta property=\"article:publisher\" content=\"https:\/\/www.facebook.com\/texabrasil\" \/>\n<meta property=\"article:modified_time\" content=\"2025-08-01T15:17:05+00:00\" \/>\n<meta property=\"og:image\" content=\"https:\/\/www.texabrasil.com.br\/wp-content\/uploads\/2020\/05\/texa-azienda-filiali.jpg\" \/>\n\t<meta property=\"og:image:width\" content=\"1920\" \/>\n\t<meta property=\"og:image:height\" content=\"1280\" \/>\n\t<meta property=\"og:image:type\" content=\"image\/jpeg\" \/>\n<meta name=\"twitter:card\" content=\"summary_large_image\" \/>\n<meta name=\"twitter:label1\" content=\"Tiempo de lectura\" \/>\n\t<meta name=\"twitter:data1\" content=\"2 minutos\" \/>\n<script type=\"application\/ld+json\" class=\"yoast-schema-graph\">{\"@context\":\"https:\/\/schema.org\",\"@graph\":[{\"@type\":\"WebPage\",\"@id\":\"https:\/\/www.texabrasil.com.br\/empresa\/branches\/\",\"url\":\"https:\/\/www.texabrasil.com.br\/empresa\/branches\/\",\"name\":\"TEXA en el mundo\",\"isPartOf\":{\"@id\":\"https:\/\/www.texabrasil.com.br\/#website\"},\"primaryImageOfPage\":{\"@id\":\"https:\/\/www.texabrasil.com.br\/empresa\/branches\/#primaryimage\"},\"image\":{\"@id\":\"https:\/\/www.texabrasil.com.br\/empresa\/branches\/#primaryimage\"},\"thumbnailUrl\":\"https:\/\/www.texabrasil.com.br\/wp-content\/uploads\/2020\/05\/texa-azienda-filiali.jpg\",\"datePublished\":\"2020-05-21T18:55:46+00:00\",\"dateModified\":\"2025-08-01T15:17:05+00:00\",\"description\":\"TEXA fue fundada en 1992 y hoy se encuentra entre los principales actores internacionales de la industria del autom\u00f3vil.\",\"breadcrumb\":{\"@id\":\"https:\/\/www.texabrasil.com.br\/empresa\/branches\/#breadcrumb\"},\"inLanguage\":\"es\",\"potentialAction\":[{\"@type\":\"ReadAction\",\"target\":[\"https:\/\/www.texabrasil.com.br\/empresa\/branches\/\"]}]},{\"@type\":\"ImageObject\",\"inLanguage\":\"es\",\"@id\":\"https:\/\/www.texabrasil.com.br\/empresa\/branches\/#primaryimage\",\"url\":\"https:\/\/www.texabrasil.com.br\/wp-content\/uploads\/2020\/05\/texa-azienda-filiali.jpg\",\"contentUrl\":\"https:\/\/www.texabrasil.com.br\/wp-content\/uploads\/2020\/05\/texa-azienda-filiali.jpg\",\"width\":1920,\"height\":1280},{\"@type\":\"BreadcrumbList\",\"@id\":\"https:\/\/www.texabrasil.com.br\/empresa\/branches\/#breadcrumb\",\"itemListElement\":[{\"@type\":\"ListItem\",\"position\":1,\"name\":\"Home\",\"item\":\"https:\/\/www.texabrasil.com.br\/\"},{\"@type\":\"ListItem\",\"position\":2,\"name\":\"Empresa\",\"item\":\"https:\/\/www.texabrasil.com.br\/empresa\/\"},{\"@type\":\"ListItem\",\"position\":3,\"name\":\"SUCURSALES DE TEXA\"}]},{\"@type\":\"WebSite\",\"@id\":\"https:\/\/www.texabrasil.com.br\/#website\",\"url\":\"https:\/\/www.texabrasil.com.br\/\",\"name\":\"TEXA do Brasil\",\"description\":\"for automotive professionals\",\"publisher\":{\"@id\":\"https:\/\/www.texabrasil.com.br\/#organization\"},\"potentialAction\":[{\"@type\":\"SearchAction\",\"target\":{\"@type\":\"EntryPoint\",\"urlTemplate\":\"https:\/\/www.texabrasil.com.br\/?s={search_term_string}\"},\"query-input\":{\"@type\":\"PropertyValueSpecification\",\"valueRequired\":true,\"valueName\":\"search_term_string\"}}],\"inLanguage\":\"es\"},{\"@type\":\"Organization\",\"@id\":\"https:\/\/www.texabrasil.com.br\/#organization\",\"name\":\"TEXA do Brasil - Diagn\u00f3stico multimarcas e recicladoras de A\/C\",\"url\":\"https:\/\/www.texabrasil.com.br\/\",\"logo\":{\"@type\":\"ImageObject\",\"inLanguage\":\"es\",\"@id\":\"https:\/\/www.texabrasil.com.br\/#\/schema\/logo\/image\/\",\"url\":\"https:\/\/www.texabrasil.com.br\/wp-content\/uploads\/2019\/11\/logo-TEXA.jpg\",\"contentUrl\":\"https:\/\/www.texabrasil.com.br\/wp-content\/uploads\/2019\/11\/logo-TEXA.jpg\",\"width\":300,\"height\":300,\"caption\":\"TEXA do Brasil - Diagn\u00f3stico multimarcas e recicladoras de A\/C\"},\"image\":{\"@id\":\"https:\/\/www.texabrasil.com.br\/#\/schema\/logo\/image\/\"},\"sameAs\":[\"https:\/\/www.facebook.com\/texabrasil\",\"https:\/\/www.instagram.com\/texabrasil\/\",\"https:\/\/www.linkedin.com\/company\/texabrasil\/\",\"https:\/\/www.youtube.com\/texabrasil\"]}]}<\/script>\n<!-- \/ Yoast SEO plugin. -->","yoast_head_json":{"title":"TEXA en el mundo","description":"TEXA fue fundada en 1992 y hoy se encuentra entre los principales actores internacionales de la industria del autom\u00f3vil.","robots":{"index":"index","follow":"follow","max-snippet":"max-snippet:-1","max-image-preview":"max-image-preview:large","max-video-preview":"max-video-preview:-1"},"canonical":"https:\/\/www.texabrasil.com.br\/empresa\/branches\/","og_locale":"es_ES","og_type":"article","og_title":"TEXA en el mundo","og_description":"TEXA fue fundada en 1992 y hoy se encuentra entre los principales actores internacionales de la industria del autom\u00f3vil.","og_url":"https:\/\/www.texabrasil.com.br\/empresa\/branches\/","og_site_name":"TEXA","article_publisher":"https:\/\/www.facebook.com\/texabrasil","article_modified_time":"2025-08-01T15:17:05+00:00","og_image":[{"width":1920,"height":1280,"url":"https:\/\/www.texabrasil.com.br\/wp-content\/uploads\/2020\/05\/texa-azienda-filiali.jpg","type":"image\/jpeg"}],"twitter_card":"summary_large_image","twitter_misc":{"Tiempo de lectura":"2 minutos"},"schema":{"@context":"https:\/\/schema.org","@graph":[{"@type":"WebPage","@id":"https:\/\/www.texabrasil.com.br\/empresa\/branches\/","url":"https:\/\/www.texabrasil.com.br\/empresa\/branches\/","name":"TEXA en el mundo","isPartOf":{"@id":"https:\/\/www.texabrasil.com.br\/#website"},"primaryImageOfPage":{"@id":"https:\/\/www.texabrasil.com.br\/empresa\/branches\/#primaryimage"},"image":{"@id":"https:\/\/www.texabrasil.com.br\/empresa\/branches\/#primaryimage"},"thumbnailUrl":"https:\/\/www.texabrasil.com.br\/wp-content\/uploads\/2020\/05\/texa-azienda-filiali.jpg","datePublished":"2020-05-21T18:55:46+00:00","dateModified":"2025-08-01T15:17:05+00:00","description":"TEXA fue fundada en 1992 y hoy se encuentra entre los principales actores internacionales de la industria del autom\u00f3vil.","breadcrumb":{"@id":"https:\/\/www.texabrasil.com.br\/empresa\/branches\/#breadcrumb"},"inLanguage":"es","potentialAction":[{"@type":"ReadAction","target":["https:\/\/www.texabrasil.com.br\/empresa\/branches\/"]}]},{"@type":"ImageObject","inLanguage":"es","@id":"https:\/\/www.texabrasil.com.br\/empresa\/branches\/#primaryimage","url":"https:\/\/www.texabrasil.com.br\/wp-content\/uploads\/2020\/05\/texa-azienda-filiali.jpg","contentUrl":"https:\/\/www.texabrasil.com.br\/wp-content\/uploads\/2020\/05\/texa-azienda-filiali.jpg","width":1920,"height":1280},{"@type":"BreadcrumbList","@id":"https:\/\/www.texabrasil.com.br\/empresa\/branches\/#breadcrumb","itemListElement":[{"@type":"ListItem","position":1,"name":"Home","item":"https:\/\/www.texabrasil.com.br\/"},{"@type":"ListItem","position":2,"name":"Empresa","item":"https:\/\/www.texabrasil.com.br\/empresa\/"},{"@type":"ListItem","position":3,"name":"SUCURSALES DE TEXA"}]},{"@type":"WebSite","@id":"https:\/\/www.texabrasil.com.br\/#website","url":"https:\/\/www.texabrasil.com.br\/","name":"TEXA do Brasil","description":"for automotive professionals","publisher":{"@id":"https:\/\/www.texabrasil.com.br\/#organization"},"potentialAction":[{"@type":"SearchAction","target":{"@type":"EntryPoint","urlTemplate":"https:\/\/www.texabrasil.com.br\/?s={search_term_string}"},"query-input":{"@type":"PropertyValueSpecification","valueRequired":true,"valueName":"search_term_string"}}],"inLanguage":"es"},{"@type":"Organization","@id":"https:\/\/www.texabrasil.com.br\/#organization","name":"TEXA do Brasil - Diagn\u00f3stico multimarcas e recicladoras de A\/C","url":"https:\/\/www.texabrasil.com.br\/","logo":{"@type":"ImageObject","inLanguage":"es","@id":"https:\/\/www.texabrasil.com.br\/#\/schema\/logo\/image\/","url":"https:\/\/www.texabrasil.com.br\/wp-content\/uploads\/2019\/11\/logo-TEXA.jpg","contentUrl":"https:\/\/www.texabrasil.com.br\/wp-content\/uploads\/2019\/11\/logo-TEXA.jpg","width":300,"height":300,"caption":"TEXA do Brasil - Diagn\u00f3stico multimarcas e recicladoras de A\/C"},"image":{"@id":"https:\/\/www.texabrasil.com.br\/#\/schema\/logo\/image\/"},"sameAs":["https:\/\/www.facebook.com\/texabrasil","https:\/\/www.instagram.com\/texabrasil\/","https:\/\/www.linkedin.com\/company\/texabrasil\/","https:\/\/www.youtube.com\/texabrasil"]}]}},"_links":{"self":[{"href":"https:\/\/www.texabrasil.com.br\/es\/wp-json\/wp\/v2\/pages\/25803","targetHints":{"allow":["GET"]}}],"collection":[{"href":"https:\/\/www.texabrasil.com.br\/es\/wp-json\/wp\/v2\/pages"}],"about":[{"href":"https:\/\/www.texabrasil.com.br\/es\/wp-json\/wp\/v2\/types\/page"}],"author":[{"embeddable":true,"href":"https:\/\/www.texabrasil.com.br\/es\/wp-json\/wp\/v2\/users\/2"}],"replies":[{"embeddable":true,"href":"https:\/\/www.texabrasil.com.br\/es\/wp-json\/wp\/v2\/comments?post=25803"}],"version-history":[{"count":2,"href":"https:\/\/www.texabrasil.com.br\/es\/wp-json\/wp\/v2\/pages\/25803\/revisions"}],"predecessor-version":[{"id":28019,"href":"https:\/\/www.texabrasil.com.br\/es\/wp-json\/wp\/v2\/pages\/25803\/revisions\/28019"}],"up":[{"embeddable":true,"href":"https:\/\/www.texabrasil.com.br\/es\/wp-json\/wp\/v2\/pages\/25795"}],"wp:featuredmedia":[{"embeddable":true,"href":"https:\/\/www.texabrasil.com.br\/es\/wp-json\/wp\/v2\/media\/23000"}],"wp:attachment":[{"href":"https:\/\/www.texabrasil.com.br\/es\/wp-json\/wp\/v2\/media?parent=25803"}],"wp:term":[{"taxonomy":"post_tag","embeddable":true,"href":"https:\/\/www.texabrasil.com.br\/es\/wp-json\/wp\/v2\/tags?post=25803"}],"curies":[{"name":"wp","href":"https:\/\/api.w.org\/{rel}","templated":true}]}}