{"id":25807,"date":"2021-01-27T15:03:16","date_gmt":"2021-01-27T18:03:16","guid":{"rendered":"https:\/\/www.texabrasil.com.br\/cobertura-de-diagnostico\/recuperacion-de-contrasena\/"},"modified":"2025-12-02T07:52:28","modified_gmt":"2025-12-02T10:52:28","slug":"recuperacion-de-contrasena","status":"publish","type":"page","link":"https:\/\/www.texabrasil.com.br\/es\/cobertura-de-diagnostico\/recuperacion-de-contrasena\/","title":{"rendered":"Recuperaci\u00f3n de contrase\u00f1a"},"content":{"rendered":"\t\t<div data-elementor-type=\"wp-page\" data-elementor-id=\"25807\" class=\"elementor elementor-25807 elementor-7847\" data-elementor-post-type=\"page\">\n\t\t\t\t\t\t<section class=\"elementor-section elementor-top-section elementor-element elementor-element-b4bc32a elementor-section-height-min-height elementor-section-items-stretch elementor-section-content-space-between elementor-section-boxed elementor-section-height-default\" data-id=\"b4bc32a\" data-element_type=\"section\" data-settings=\"{&quot;background_background&quot;:&quot;classic&quot;}\">\n\t\t\t\t\t\t\t<div class=\"elementor-background-overlay\"><\/div>\n\t\t\t\t\t\t\t<div class=\"elementor-container elementor-column-gap-wider\">\n\t\t\t\t\t<div class=\"elementor-column elementor-col-100 elementor-top-column elementor-element elementor-element-3290e86\" data-id=\"3290e86\" data-element_type=\"column\">\n\t\t\t<div class=\"elementor-widget-wrap elementor-element-populated\">\n\t\t\t\t\t\t<div class=\"elementor-element elementor-element-0394f66 elementor-widget elementor-widget-spacer\" data-id=\"0394f66\" data-element_type=\"widget\" data-widget_type=\"spacer.default\">\n\t\t\t\t<div class=\"elementor-widget-container\">\n\t\t\t\t\t\t\t<div class=\"elementor-spacer\">\n\t\t\t<div class=\"elementor-spacer-inner\"><\/div>\n\t\t<\/div>\n\t\t\t\t\t\t<\/div>\n\t\t\t\t<\/div>\n\t\t\t\t<div class=\"elementor-element elementor-element-86a7662 elementor-widget elementor-widget-heading\" data-id=\"86a7662\" data-element_type=\"widget\" data-widget_type=\"heading.default\">\n\t\t\t\t<div class=\"elementor-widget-container\">\n\t\t\t\t\t<h2 class=\"elementor-heading-title elementor-size-default\">COBERTURA DE DIAGN\u00d3STICO<\/h2>\t\t\t\t<\/div>\n\t\t\t\t<\/div>\n\t\t\t\t\t<\/div>\n\t\t<\/div>\n\t\t\t\t\t<\/div>\n\t\t<\/section>\n\t\t\t\t<section class=\"elementor-section elementor-top-section elementor-element elementor-element-f6ed6d2 elementor-section-boxed elementor-section-height-default elementor-section-height-default\" data-id=\"f6ed6d2\" data-element_type=\"section\">\n\t\t\t\t\t\t<div class=\"elementor-container elementor-column-gap-wider\">\n\t\t\t\t\t<div class=\"elementor-column elementor-col-100 elementor-top-column elementor-element elementor-element-5970410\" data-id=\"5970410\" data-element_type=\"column\">\n\t\t\t<div class=\"elementor-widget-wrap elementor-element-populated\">\n\t\t\t\t\t\t<div class=\"elementor-element elementor-element-f89db92 elementor-widget elementor-widget-heading\" data-id=\"f89db92\" data-element_type=\"widget\" data-widget_type=\"heading.default\">\n\t\t\t\t<div class=\"elementor-widget-container\">\n\t\t\t\t\t<h2 class=\"elementor-heading-title elementor-size-default\">RECUPERACI\u00d3N DE CONTRASE\u00d1A<\/h2>\t\t\t\t<\/div>\n\t\t\t\t<\/div>\n\t\t\t\t\t<\/div>\n\t\t<\/div>\n\t\t\t\t\t<\/div>\n\t\t<\/section>\n\t\t\t\t<section class=\"elementor-section elementor-top-section elementor-element elementor-element-fc3ae7c elementor-section-full_width elementor-section-height-min-height elementor-section-items-stretch elementor-section-height-default\" data-id=\"fc3ae7c\" data-element_type=\"section\" data-settings=\"{&quot;background_background&quot;:&quot;classic&quot;}\">\n\t\t\t\t\t\t<div class=\"elementor-container elementor-column-gap-wider\">\n\t\t\t\t\t<div class=\"elementor-column elementor-col-50 elementor-top-column elementor-element elementor-element-5eb11fa\" data-id=\"5eb11fa\" data-element_type=\"column\">\n\t\t\t<div class=\"elementor-widget-wrap elementor-element-populated\">\n\t\t\t\t\t\t<div class=\"elementor-element elementor-element-3d4f516 elementor-widget elementor-widget-shortcode\" data-id=\"3d4f516\" data-element_type=\"widget\" data-widget_type=\"shortcode.default\">\n\t\t\t\t<div class=\"elementor-widget-container\">\n\t\t\t\t\t<script src=\"https:\/\/www.google.com\/recaptcha\/api.js?render=6Ld3ZlUlAAAAAFahFm8YWzlVFrq1bugpd5rBd3lx\"><\/script><div class=\"copertura-diagnostica\">            <script type=\"text\/javascript\">\r\n                grecaptcha.ready(function() {\r\n                    grecaptcha.execute('6Ld3ZlUlAAAAAFahFm8YWzlVFrq1bugpd5rBd3lx', {\r\n                        action: 'reset_password'\r\n                    }).then(function(token) {\r\n                        var recaptchaResponse = document.getElementById('recaptchaResponse');\r\n                        recaptchaResponse.value = token;\r\n                    });\r\n                });\r\n            <\/script>\r\n\r\n            Enter your personal information here to reset your password related to TEXA\u2019s complete diagnostic coverage service.<br \/><br \/>\r\n            <form method=\"POST\" id=\"reset_password\" action=\"#reset-result\">\r\n                <input type=\"email\" class=\"wpcf7-form-control wpcf7-text wpcf7-email wpcf7-validates-as-email\" placeholder=\"email\" id=\"email\" name=\"email\" required \/>\r\n                <input type=\"password\" minlength=\"4\" maxlength=\"16\" class=\"wpcf7-form-control wpcf7-text\" placeholder=\"password\" id=\"password\" name=\"password\" required \/>\r\n                <input type=\"password\" minlength=\"4\" maxlength=\"16\" class=\"wpcf7-form-control wpcf7-text\" placeholder=\"repeat password\" id=\"new-password\" name=\"new-password\" required \/>\r\n                <input type=\"hidden\" name=\"recaptcha_response\" id=\"recaptchaResponse\">\r\n                <input type=\"submit\" class=\"wpcf7-form-control wpcf7-submit btn btn-primary\" value=\"SEND\" \/>\r\n            <\/form>\r\n            <\/div>\t\t<div class=\"elementor-shortcode\"><\/div>\n\t\t\t\t\t\t<\/div>\n\t\t\t\t<\/div>\n\t\t\t\t\t<\/div>\n\t\t<\/div>\n\t\t\t\t<div class=\"elementor-column elementor-col-50 elementor-top-column elementor-element elementor-element-08ee64d\" data-id=\"08ee64d\" data-element_type=\"column\" data-settings=\"{&quot;background_background&quot;:&quot;classic&quot;}\">\n\t\t\t<div class=\"elementor-widget-wrap\">\n\t\t\t\t\t\t\t<\/div>\n\t\t<\/div>\n\t\t\t\t\t<\/div>\n\t\t<\/section>\n\t\t\t\t<\/div>\n\t\t","protected":false},"excerpt":{"rendered":"<p>COBERTURA DE DIAGN\u00d3STICO RECUPERACI\u00d3N DE CONTRASE\u00d1A<\/p>\n","protected":false},"author":1,"featured_media":0,"parent":25588,"menu_order":0,"comment_status":"closed","ping_status":"closed","template":"","meta":{"_acf_changed":false,"footnotes":""},"tags":[],"class_list":["post-25807","page","type-page","status-publish","hentry"],"acf":[],"yoast_head":"<!-- This site is optimized with the Yoast SEO plugin v26.8 - https:\/\/yoast.com\/product\/yoast-seo-wordpress\/ -->\n<title>TEXA do Brasil - RECUPERACI\u00d3N DE CONTRASE\u00d1A - Cobertura de diagn\u00f3stico<\/title>\n<meta name=\"description\" content=\"Recuperaci\u00f3n de Contrase\u00f1a: Ingrese aqu\u00ed su informaci\u00f3n personal para restablecer su contrase\u00f1a relacionada con el servicio de cobertura total de diagn\u00f3stico de TEXA.\" \/>\n<meta name=\"robots\" content=\"index, follow, max-snippet:-1, max-image-preview:large, max-video-preview:-1\" \/>\n<link rel=\"canonical\" href=\"https:\/\/www.texabrasil.com.br\/cobertura-diagnostico\/recuperacao-senha\/\" \/>\n<meta property=\"og:locale\" content=\"es_ES\" \/>\n<meta property=\"og:type\" content=\"article\" \/>\n<meta property=\"og:title\" content=\"TEXA do Brasil - RECUPERACI\u00d3N DE CONTRASE\u00d1A - Cobertura de diagn\u00f3stico\" \/>\n<meta property=\"og:description\" content=\"Recuperaci\u00f3n de Contrase\u00f1a: Ingrese aqu\u00ed su informaci\u00f3n personal para restablecer su contrase\u00f1a relacionada con el servicio de cobertura total de diagn\u00f3stico de TEXA.\" \/>\n<meta property=\"og:url\" content=\"https:\/\/www.texabrasil.com.br\/cobertura-diagnostico\/recuperacao-senha\/\" \/>\n<meta property=\"og:site_name\" content=\"TEXA\" \/>\n<meta property=\"article:publisher\" content=\"https:\/\/www.facebook.com\/texabrasil\" \/>\n<meta property=\"article:modified_time\" content=\"2025-12-02T10:52:28+00:00\" \/>\n<meta property=\"og:image\" content=\"https:\/\/www.texabrasil.com.br\/wp-content\/uploads\/2019\/11\/TEXA-Azienda2.jpg\" \/>\n\t<meta property=\"og:image:width\" content=\"1920\" \/>\n\t<meta property=\"og:image:height\" content=\"1265\" \/>\n\t<meta property=\"og:image:type\" content=\"image\/jpeg\" \/>\n<meta name=\"twitter:card\" content=\"summary_large_image\" \/>\n<script type=\"application\/ld+json\" class=\"yoast-schema-graph\">{\"@context\":\"https:\/\/schema.org\",\"@graph\":[{\"@type\":\"WebPage\",\"@id\":\"https:\/\/www.texabrasil.com.br\/cobertura-diagnostico\/recuperacao-senha\/\",\"url\":\"https:\/\/www.texabrasil.com.br\/cobertura-diagnostico\/recuperacao-senha\/\",\"name\":\"TEXA do Brasil - RECUPERACI\u00d3N DE CONTRASE\u00d1A - Cobertura de diagn\u00f3stico\",\"isPartOf\":{\"@id\":\"https:\/\/www.texabrasil.com.br\/#website\"},\"datePublished\":\"2021-01-27T18:03:16+00:00\",\"dateModified\":\"2025-12-02T10:52:28+00:00\",\"description\":\"Recuperaci\u00f3n de Contrase\u00f1a: Ingrese aqu\u00ed su informaci\u00f3n personal para restablecer su contrase\u00f1a relacionada con el servicio de cobertura total de diagn\u00f3stico de TEXA.\",\"breadcrumb\":{\"@id\":\"https:\/\/www.texabrasil.com.br\/cobertura-diagnostico\/recuperacao-senha\/#breadcrumb\"},\"inLanguage\":\"es\",\"potentialAction\":[{\"@type\":\"ReadAction\",\"target\":[\"https:\/\/www.texabrasil.com.br\/cobertura-diagnostico\/recuperacao-senha\/\"]}]},{\"@type\":\"BreadcrumbList\",\"@id\":\"https:\/\/www.texabrasil.com.br\/cobertura-diagnostico\/recuperacao-senha\/#breadcrumb\",\"itemListElement\":[{\"@type\":\"ListItem\",\"position\":1,\"name\":\"Home\",\"item\":\"https:\/\/www.texabrasil.com.br\/\"},{\"@type\":\"ListItem\",\"position\":2,\"name\":\"Cobertura de diagn\u00f3stico\",\"item\":\"https:\/\/www.texabrasil.com.br\/cobertura-diagnostico\/\"},{\"@type\":\"ListItem\",\"position\":3,\"name\":\"Recuperaci\u00f3n de contrase\u00f1a\"}]},{\"@type\":\"WebSite\",\"@id\":\"https:\/\/www.texabrasil.com.br\/#website\",\"url\":\"https:\/\/www.texabrasil.com.br\/\",\"name\":\"TEXA do Brasil\",\"description\":\"for automotive professionals\",\"publisher\":{\"@id\":\"https:\/\/www.texabrasil.com.br\/#organization\"},\"potentialAction\":[{\"@type\":\"SearchAction\",\"target\":{\"@type\":\"EntryPoint\",\"urlTemplate\":\"https:\/\/www.texabrasil.com.br\/?s={search_term_string}\"},\"query-input\":{\"@type\":\"PropertyValueSpecification\",\"valueRequired\":true,\"valueName\":\"search_term_string\"}}],\"inLanguage\":\"es\"},{\"@type\":\"Organization\",\"@id\":\"https:\/\/www.texabrasil.com.br\/#organization\",\"name\":\"TEXA do Brasil - Diagn\u00f3stico multimarcas e recicladoras de A\/C\",\"url\":\"https:\/\/www.texabrasil.com.br\/\",\"logo\":{\"@type\":\"ImageObject\",\"inLanguage\":\"es\",\"@id\":\"https:\/\/www.texabrasil.com.br\/#\/schema\/logo\/image\/\",\"url\":\"https:\/\/www.texabrasil.com.br\/wp-content\/uploads\/2019\/11\/logo-TEXA.jpg\",\"contentUrl\":\"https:\/\/www.texabrasil.com.br\/wp-content\/uploads\/2019\/11\/logo-TEXA.jpg\",\"width\":300,\"height\":300,\"caption\":\"TEXA do Brasil - Diagn\u00f3stico multimarcas e recicladoras de A\/C\"},\"image\":{\"@id\":\"https:\/\/www.texabrasil.com.br\/#\/schema\/logo\/image\/\"},\"sameAs\":[\"https:\/\/www.facebook.com\/texabrasil\",\"https:\/\/www.instagram.com\/texabrasil\/\",\"https:\/\/www.linkedin.com\/company\/texabrasil\/\",\"https:\/\/www.youtube.com\/texabrasil\"]}]}<\/script>\n<!-- \/ Yoast SEO plugin. -->","yoast_head_json":{"title":"TEXA do Brasil - RECUPERACI\u00d3N DE CONTRASE\u00d1A - Cobertura de diagn\u00f3stico","description":"Recuperaci\u00f3n de Contrase\u00f1a: Ingrese aqu\u00ed su informaci\u00f3n personal para restablecer su contrase\u00f1a relacionada con el servicio de cobertura total de diagn\u00f3stico de TEXA.","robots":{"index":"index","follow":"follow","max-snippet":"max-snippet:-1","max-image-preview":"max-image-preview:large","max-video-preview":"max-video-preview:-1"},"canonical":"https:\/\/www.texabrasil.com.br\/cobertura-diagnostico\/recuperacao-senha\/","og_locale":"es_ES","og_type":"article","og_title":"TEXA do Brasil - RECUPERACI\u00d3N DE CONTRASE\u00d1A - Cobertura de diagn\u00f3stico","og_description":"Recuperaci\u00f3n de Contrase\u00f1a: Ingrese aqu\u00ed su informaci\u00f3n personal para restablecer su contrase\u00f1a relacionada con el servicio de cobertura total de diagn\u00f3stico de TEXA.","og_url":"https:\/\/www.texabrasil.com.br\/cobertura-diagnostico\/recuperacao-senha\/","og_site_name":"TEXA","article_publisher":"https:\/\/www.facebook.com\/texabrasil","article_modified_time":"2025-12-02T10:52:28+00:00","og_image":[{"width":1920,"height":1265,"url":"https:\/\/www.texabrasil.com.br\/wp-content\/uploads\/2019\/11\/TEXA-Azienda2.jpg","type":"image\/jpeg"}],"twitter_card":"summary_large_image","schema":{"@context":"https:\/\/schema.org","@graph":[{"@type":"WebPage","@id":"https:\/\/www.texabrasil.com.br\/cobertura-diagnostico\/recuperacao-senha\/","url":"https:\/\/www.texabrasil.com.br\/cobertura-diagnostico\/recuperacao-senha\/","name":"TEXA do Brasil - RECUPERACI\u00d3N DE CONTRASE\u00d1A - Cobertura de diagn\u00f3stico","isPartOf":{"@id":"https:\/\/www.texabrasil.com.br\/#website"},"datePublished":"2021-01-27T18:03:16+00:00","dateModified":"2025-12-02T10:52:28+00:00","description":"Recuperaci\u00f3n de Contrase\u00f1a: Ingrese aqu\u00ed su informaci\u00f3n personal para restablecer su contrase\u00f1a relacionada con el servicio de cobertura total de diagn\u00f3stico de TEXA.","breadcrumb":{"@id":"https:\/\/www.texabrasil.com.br\/cobertura-diagnostico\/recuperacao-senha\/#breadcrumb"},"inLanguage":"es","potentialAction":[{"@type":"ReadAction","target":["https:\/\/www.texabrasil.com.br\/cobertura-diagnostico\/recuperacao-senha\/"]}]},{"@type":"BreadcrumbList","@id":"https:\/\/www.texabrasil.com.br\/cobertura-diagnostico\/recuperacao-senha\/#breadcrumb","itemListElement":[{"@type":"ListItem","position":1,"name":"Home","item":"https:\/\/www.texabrasil.com.br\/"},{"@type":"ListItem","position":2,"name":"Cobertura de diagn\u00f3stico","item":"https:\/\/www.texabrasil.com.br\/cobertura-diagnostico\/"},{"@type":"ListItem","position":3,"name":"Recuperaci\u00f3n de contrase\u00f1a"}]},{"@type":"WebSite","@id":"https:\/\/www.texabrasil.com.br\/#website","url":"https:\/\/www.texabrasil.com.br\/","name":"TEXA do Brasil","description":"for automotive professionals","publisher":{"@id":"https:\/\/www.texabrasil.com.br\/#organization"},"potentialAction":[{"@type":"SearchAction","target":{"@type":"EntryPoint","urlTemplate":"https:\/\/www.texabrasil.com.br\/?s={search_term_string}"},"query-input":{"@type":"PropertyValueSpecification","valueRequired":true,"valueName":"search_term_string"}}],"inLanguage":"es"},{"@type":"Organization","@id":"https:\/\/www.texabrasil.com.br\/#organization","name":"TEXA do Brasil - Diagn\u00f3stico multimarcas e recicladoras de A\/C","url":"https:\/\/www.texabrasil.com.br\/","logo":{"@type":"ImageObject","inLanguage":"es","@id":"https:\/\/www.texabrasil.com.br\/#\/schema\/logo\/image\/","url":"https:\/\/www.texabrasil.com.br\/wp-content\/uploads\/2019\/11\/logo-TEXA.jpg","contentUrl":"https:\/\/www.texabrasil.com.br\/wp-content\/uploads\/2019\/11\/logo-TEXA.jpg","width":300,"height":300,"caption":"TEXA do Brasil - Diagn\u00f3stico multimarcas e recicladoras de A\/C"},"image":{"@id":"https:\/\/www.texabrasil.com.br\/#\/schema\/logo\/image\/"},"sameAs":["https:\/\/www.facebook.com\/texabrasil","https:\/\/www.instagram.com\/texabrasil\/","https:\/\/www.linkedin.com\/company\/texabrasil\/","https:\/\/www.youtube.com\/texabrasil"]}]}},"_links":{"self":[{"href":"https:\/\/www.texabrasil.com.br\/es\/wp-json\/wp\/v2\/pages\/25807","targetHints":{"allow":["GET"]}}],"collection":[{"href":"https:\/\/www.texabrasil.com.br\/es\/wp-json\/wp\/v2\/pages"}],"about":[{"href":"https:\/\/www.texabrasil.com.br\/es\/wp-json\/wp\/v2\/types\/page"}],"author":[{"embeddable":true,"href":"https:\/\/www.texabrasil.com.br\/es\/wp-json\/wp\/v2\/users\/1"}],"replies":[{"embeddable":true,"href":"https:\/\/www.texabrasil.com.br\/es\/wp-json\/wp\/v2\/comments?post=25807"}],"version-history":[{"count":1,"href":"https:\/\/www.texabrasil.com.br\/es\/wp-json\/wp\/v2\/pages\/25807\/revisions"}],"predecessor-version":[{"id":28952,"href":"https:\/\/www.texabrasil.com.br\/es\/wp-json\/wp\/v2\/pages\/25807\/revisions\/28952"}],"up":[{"embeddable":true,"href":"https:\/\/www.texabrasil.com.br\/es\/wp-json\/wp\/v2\/pages\/25588"}],"wp:attachment":[{"href":"https:\/\/www.texabrasil.com.br\/es\/wp-json\/wp\/v2\/media?parent=25807"}],"wp:term":[{"taxonomy":"post_tag","embeddable":true,"href":"https:\/\/www.texabrasil.com.br\/es\/wp-json\/wp\/v2\/tags?post=25807"}],"curies":[{"name":"wp","href":"https:\/\/api.w.org\/{rel}","templated":true}]}}