{"id":25811,"date":"2019-11-12T11:37:01","date_gmt":"2019-11-12T14:37:01","guid":{"rendered":"https:\/\/www.texabrasil.com.br\/red-de-ventas\/"},"modified":"2024-08-02T12:05:32","modified_gmt":"2024-08-02T15:05:32","slug":"red-de-ventas","status":"publish","type":"page","link":"https:\/\/www.texabrasil.com.br\/es\/red-de-ventas\/","title":{"rendered":"Red de ventas"},"content":{"rendered":"\t\t<div data-elementor-type=\"wp-page\" data-elementor-id=\"25811\" class=\"elementor elementor-25811 elementor-15\" data-elementor-post-type=\"page\">\n\t\t\t\t\t\t<section class=\"elementor-section elementor-top-section elementor-element elementor-element-0c72157 elementor-section-height-min-height elementor-section-items-stretch elementor-section-content-space-between elementor-section-boxed elementor-section-height-default\" data-id=\"0c72157\" data-element_type=\"section\" data-settings=\"{&quot;background_background&quot;:&quot;classic&quot;,&quot;background_motion_fx_motion_fx_scrolling&quot;:&quot;yes&quot;,&quot;background_motion_fx_translateY_effect&quot;:&quot;yes&quot;,&quot;background_motion_fx_translateY_speed&quot;:{&quot;unit&quot;:&quot;px&quot;,&quot;size&quot;:2,&quot;sizes&quot;:[]},&quot;background_motion_fx_translateY_affectedRange&quot;:{&quot;unit&quot;:&quot;%&quot;,&quot;size&quot;:&quot;&quot;,&quot;sizes&quot;:{&quot;start&quot;:0,&quot;end&quot;:100}},&quot;background_motion_fx_devices&quot;:[&quot;desktop&quot;,&quot;tablet&quot;,&quot;mobile&quot;]}\">\n\t\t\t\t\t\t\t<div class=\"elementor-background-overlay\"><\/div>\n\t\t\t\t\t\t\t<div class=\"elementor-container elementor-column-gap-wider\">\n\t\t\t\t\t<div class=\"elementor-column elementor-col-100 elementor-top-column elementor-element elementor-element-b4fc05b\" data-id=\"b4fc05b\" data-element_type=\"column\">\n\t\t\t<div class=\"elementor-widget-wrap elementor-element-populated\">\n\t\t\t\t\t\t<div class=\"elementor-element elementor-element-6323ec6 elementor-widget elementor-widget-spacer\" data-id=\"6323ec6\" data-element_type=\"widget\" data-widget_type=\"spacer.default\">\n\t\t\t\t<div class=\"elementor-widget-container\">\n\t\t\t\t\t\t\t<div class=\"elementor-spacer\">\n\t\t\t<div class=\"elementor-spacer-inner\"><\/div>\n\t\t<\/div>\n\t\t\t\t\t\t<\/div>\n\t\t\t\t<\/div>\n\t\t\t\t<section class=\"elementor-section elementor-inner-section elementor-element elementor-element-8bcd36a elementor-section-boxed elementor-section-height-default elementor-section-height-default\" data-id=\"8bcd36a\" data-element_type=\"section\">\n\t\t\t\t\t\t<div class=\"elementor-container elementor-column-gap-default\">\n\t\t\t\t\t<div class=\"elementor-column elementor-col-100 elementor-inner-column elementor-element elementor-element-6ac52df\" data-id=\"6ac52df\" data-element_type=\"column\">\n\t\t\t<div class=\"elementor-widget-wrap elementor-element-populated\">\n\t\t\t\t\t\t<div class=\"elementor-element elementor-element-867c22b elementor-widget elementor-widget-heading\" data-id=\"867c22b\" data-element_type=\"widget\" data-widget_type=\"heading.default\">\n\t\t\t\t<div class=\"elementor-widget-container\">\n\t\t\t\t\t<h1 class=\"elementor-heading-title elementor-size-xxl\">RED DE VENTAS<\/h1>\t\t\t\t<\/div>\n\t\t\t\t<\/div>\n\t\t\t\t\t<\/div>\n\t\t<\/div>\n\t\t\t\t\t<\/div>\n\t\t<\/section>\n\t\t\t\t<div class=\"elementor-element elementor-element-2d2b5b0 elementor-align-center elementor-widget elementor-widget-global elementor-global-1726 elementor-widget-button\" data-id=\"2d2b5b0\" data-element_type=\"widget\" data-widget_type=\"button.default\">\n\t\t\t\t<div class=\"elementor-widget-container\">\n\t\t\t\t\t\t\t\t\t<div class=\"elementor-button-wrapper\">\n\t\t\t\t\t<a class=\"elementor-button elementor-button-link elementor-size-sm\" href=\"#continua\">\n\t\t\t\t\t\t<span class=\"elementor-button-content-wrapper\">\n\t\t\t\t\t\t<span class=\"elementor-button-icon\">\n\t\t\t\t<i aria-hidden=\"true\" class=\"fas fa-angle-double-down\"><\/i>\t\t\t<\/span>\n\t\t\t\t\t\t\t\t<\/span>\n\t\t\t\t\t<\/a>\n\t\t\t\t<\/div>\n\t\t\t\t\t\t\t\t<\/div>\n\t\t\t\t<\/div>\n\t\t\t\t\t<\/div>\n\t\t<\/div>\n\t\t\t\t\t<\/div>\n\t\t<\/section>\n\t\t\t\t<section class=\"elementor-section elementor-top-section elementor-element elementor-element-7c38198 elementor-section-full_width elementor-section-height-default elementor-section-height-default\" data-id=\"7c38198\" data-element_type=\"section\">\n\t\t\t\t\t\t<div class=\"elementor-container elementor-column-gap-no\">\n\t\t\t\t\t<div class=\"elementor-column elementor-col-100 elementor-top-column elementor-element elementor-element-134f9e4\" data-id=\"134f9e4\" data-element_type=\"column\">\n\t\t\t<div class=\"elementor-widget-wrap elementor-element-populated\">\n\t\t\t\t\t\t<div class=\"elementor-element elementor-element-c0d86b5 elementor-widget elementor-widget-shortcode\" data-id=\"c0d86b5\" data-element_type=\"widget\" data-widget_type=\"shortcode.default\">\n\t\t\t\t<div class=\"elementor-widget-container\">\n\t\t\t\t\t\t\t<div class=\"elementor-shortcode\"><section class=\"elementor-section elementor-inner-section elementor-section-boxed elementor-section-height-default\"><div class=\"elementor-container elementor-column-gap-no\"><div class=\"elementor-row\"><div class=\"elementor-column elementor-col-100 elementor-inner-column elementor-element\"><div class=\"elementor-column-wrap elementor-element-populated\"><div class=\"elementor-widget-wrap\"><div class=\"elementor-element elementor-widget elementor-widget-shortcode\"><div class=\"resellers-search elementor-widget-container\"><div class=\"row\"><div class=\"col-md-6\"><h3>Find your nearest dealer<\/h3><div class=\"row\"><div class=\"col-8\"><input type=\"text\" id=\"free-search\" placeholder=\"Country, Region, City\" autocomplete=\"off\"><\/div><div class=\"col-3\"><select id=\"radius\" name=\"radius\"><option value=\"50\">50 km<\/option><option value=\"100\">100 km<\/option><option value=\"300\">300 km<\/option><option value=\"500\" selected=\"\">500 km<\/option><\/select><\/div><\/div><\/div><div class=\"col-md-1\"><\/div><div class=\"col-md-5\"><div class=\"filters\"><h3>Solutions for<\/h3><div class=\"filter filter-square\" data-value=\"Auto\"><span class=\"sr-only\">CAR<\/span><\/div><div class=\"filter filter-square\" data-value=\"Truck\"><span class=\"sr-only\">TRUCK<\/span><\/div><div class=\"filter filter-square\" data-value=\"Moto\"><span class=\"sr-only\">BIKE<\/span><\/div><div class=\"filter filter-square\" data-value=\"Agri\"><span class=\"sr-only\">OFF-HIGHWAY<\/span><\/div><div class=\"filter filter-square\" data-value=\"Marine\"><span class=\"sr-only\">MARINE<\/span><\/div><div class=\"filter filter-square\" data-value=\"AC\"><span class=\"sr-only\">Impianti A\/C<\/span><\/div><div class=\"clear-filters\" data-value=\"clear\"><i class=\"fas fa-eraser\"><\/i><\/div><\/div><\/div><\/div><\/div><\/div><\/div><\/div><\/div><\/div><\/div><\/section><div id=\"map\" class=\"resellers-map\"><\/div><section class=\"markers-list-cnt elementor-section elementor-inner-section elementor-section-boxed elementor-section-height-default\"><div class=\"elementor-container elementor-column-gap-no\"><div class=\"elementor-row\"><div class=\"elementor-column elementor-col-100 elementor-inner-column elementor-element\"><div class=\"elementor-column-wrap elementor-element-populated\"><div class=\"elementor-widget-wrap\" data-type=\"placeholder\"><\/div><\/div><\/div><\/div><\/div><\/section><\/div>\n\t\t\t\t\t\t<\/div>\n\t\t\t\t<\/div>\n\t\t\t\t\t<\/div>\n\t\t<\/div>\n\t\t\t\t\t<\/div>\n\t\t<\/section>\n\t\t\t\t<\/div>\n\t\t","protected":false},"excerpt":{"rendered":"<p>RED DE VENTAS<\/p>\n","protected":false},"author":1,"featured_media":24780,"parent":0,"menu_order":3,"comment_status":"closed","ping_status":"closed","template":"","meta":{"_acf_changed":false,"footnotes":""},"tags":[],"class_list":["post-25811","page","type-page","status-publish","has-post-thumbnail","hentry"],"acf":[],"yoast_head":"<!-- This site is optimized with the Yoast SEO plugin v26.8 - https:\/\/yoast.com\/product\/yoast-seo-wordpress\/ -->\n<title>Red de ventas - TEXA do Brasil<\/title>\n<meta name=\"description\" content=\"Encuentre un Representante o Distribuidor TEXA m\u00e1s cercano a usted, ya sea en Brasil u otros pa\u00edses de Am\u00e9rica Latina.\" \/>\n<meta name=\"robots\" content=\"index, follow, max-snippet:-1, max-image-preview:large, max-video-preview:-1\" \/>\n<link rel=\"canonical\" href=\"https:\/\/www.texabrasil.com.br\/rede-de-vendas\/\" \/>\n<meta property=\"og:locale\" content=\"es_ES\" \/>\n<meta property=\"og:type\" content=\"article\" \/>\n<meta property=\"og:title\" content=\"Red de ventas - TEXA do Brasil\" \/>\n<meta property=\"og:description\" content=\"Encuentre un Representante o Distribuidor TEXA m\u00e1s cercano a usted, ya sea en Brasil u otros pa\u00edses de Am\u00e9rica Latina.\" \/>\n<meta property=\"og:url\" content=\"https:\/\/www.texabrasil.com.br\/rede-de-vendas\/\" \/>\n<meta property=\"og:site_name\" content=\"TEXA\" \/>\n<meta property=\"article:publisher\" content=\"https:\/\/www.facebook.com\/texabrasil\" \/>\n<meta property=\"article:modified_time\" content=\"2024-08-02T15:05:32+00:00\" \/>\n<meta property=\"og:image\" content=\"https:\/\/www.texabrasil.com.br\/wp-content\/uploads\/2022\/07\/headquarter-texa-032-1200x800.jpg\" \/>\n\t<meta property=\"og:image:width\" content=\"1200\" \/>\n\t<meta property=\"og:image:height\" content=\"800\" \/>\n\t<meta property=\"og:image:type\" content=\"image\/jpeg\" \/>\n<meta name=\"twitter:card\" content=\"summary_large_image\" \/>\n<script type=\"application\/ld+json\" class=\"yoast-schema-graph\">{\"@context\":\"https:\/\/schema.org\",\"@graph\":[{\"@type\":\"WebPage\",\"@id\":\"https:\/\/www.texabrasil.com.br\/rede-de-vendas\/\",\"url\":\"https:\/\/www.texabrasil.com.br\/rede-de-vendas\/\",\"name\":\"Red de ventas - TEXA do Brasil\",\"isPartOf\":{\"@id\":\"https:\/\/www.texabrasil.com.br\/#website\"},\"primaryImageOfPage\":{\"@id\":\"https:\/\/www.texabrasil.com.br\/rede-de-vendas\/#primaryimage\"},\"image\":{\"@id\":\"https:\/\/www.texabrasil.com.br\/rede-de-vendas\/#primaryimage\"},\"thumbnailUrl\":\"https:\/\/www.texabrasil.com.br\/wp-content\/uploads\/2022\/07\/headquarter-texa-032.jpg\",\"datePublished\":\"2019-11-12T14:37:01+00:00\",\"dateModified\":\"2024-08-02T15:05:32+00:00\",\"description\":\"Encuentre un Representante o Distribuidor TEXA m\u00e1s cercano a usted, ya sea en Brasil u otros pa\u00edses de Am\u00e9rica Latina.\",\"breadcrumb\":{\"@id\":\"https:\/\/www.texabrasil.com.br\/rede-de-vendas\/#breadcrumb\"},\"inLanguage\":\"es\",\"potentialAction\":[{\"@type\":\"ReadAction\",\"target\":[\"https:\/\/www.texabrasil.com.br\/rede-de-vendas\/\"]}]},{\"@type\":\"ImageObject\",\"inLanguage\":\"es\",\"@id\":\"https:\/\/www.texabrasil.com.br\/rede-de-vendas\/#primaryimage\",\"url\":\"https:\/\/www.texabrasil.com.br\/wp-content\/uploads\/2022\/07\/headquarter-texa-032.jpg\",\"contentUrl\":\"https:\/\/www.texabrasil.com.br\/wp-content\/uploads\/2022\/07\/headquarter-texa-032.jpg\",\"width\":2400,\"height\":1600},{\"@type\":\"BreadcrumbList\",\"@id\":\"https:\/\/www.texabrasil.com.br\/rede-de-vendas\/#breadcrumb\",\"itemListElement\":[{\"@type\":\"ListItem\",\"position\":1,\"name\":\"Home\",\"item\":\"https:\/\/www.texabrasil.com.br\/\"},{\"@type\":\"ListItem\",\"position\":2,\"name\":\"Red de ventas\"}]},{\"@type\":\"WebSite\",\"@id\":\"https:\/\/www.texabrasil.com.br\/#website\",\"url\":\"https:\/\/www.texabrasil.com.br\/\",\"name\":\"TEXA do Brasil\",\"description\":\"for automotive professionals\",\"publisher\":{\"@id\":\"https:\/\/www.texabrasil.com.br\/#organization\"},\"potentialAction\":[{\"@type\":\"SearchAction\",\"target\":{\"@type\":\"EntryPoint\",\"urlTemplate\":\"https:\/\/www.texabrasil.com.br\/?s={search_term_string}\"},\"query-input\":{\"@type\":\"PropertyValueSpecification\",\"valueRequired\":true,\"valueName\":\"search_term_string\"}}],\"inLanguage\":\"es\"},{\"@type\":\"Organization\",\"@id\":\"https:\/\/www.texabrasil.com.br\/#organization\",\"name\":\"TEXA do Brasil - Diagn\u00f3stico multimarcas e recicladoras de A\/C\",\"url\":\"https:\/\/www.texabrasil.com.br\/\",\"logo\":{\"@type\":\"ImageObject\",\"inLanguage\":\"es\",\"@id\":\"https:\/\/www.texabrasil.com.br\/#\/schema\/logo\/image\/\",\"url\":\"https:\/\/www.texabrasil.com.br\/wp-content\/uploads\/2019\/11\/logo-TEXA.jpg\",\"contentUrl\":\"https:\/\/www.texabrasil.com.br\/wp-content\/uploads\/2019\/11\/logo-TEXA.jpg\",\"width\":300,\"height\":300,\"caption\":\"TEXA do Brasil - Diagn\u00f3stico multimarcas e recicladoras de A\/C\"},\"image\":{\"@id\":\"https:\/\/www.texabrasil.com.br\/#\/schema\/logo\/image\/\"},\"sameAs\":[\"https:\/\/www.facebook.com\/texabrasil\",\"https:\/\/www.instagram.com\/texabrasil\/\",\"https:\/\/www.linkedin.com\/company\/texabrasil\/\",\"https:\/\/www.youtube.com\/texabrasil\"]}]}<\/script>\n<!-- \/ Yoast SEO plugin. -->","yoast_head_json":{"title":"Red de ventas - TEXA do Brasil","description":"Encuentre un Representante o Distribuidor TEXA m\u00e1s cercano a usted, ya sea en Brasil u otros pa\u00edses de Am\u00e9rica Latina.","robots":{"index":"index","follow":"follow","max-snippet":"max-snippet:-1","max-image-preview":"max-image-preview:large","max-video-preview":"max-video-preview:-1"},"canonical":"https:\/\/www.texabrasil.com.br\/rede-de-vendas\/","og_locale":"es_ES","og_type":"article","og_title":"Red de ventas - TEXA do Brasil","og_description":"Encuentre un Representante o Distribuidor TEXA m\u00e1s cercano a usted, ya sea en Brasil u otros pa\u00edses de Am\u00e9rica Latina.","og_url":"https:\/\/www.texabrasil.com.br\/rede-de-vendas\/","og_site_name":"TEXA","article_publisher":"https:\/\/www.facebook.com\/texabrasil","article_modified_time":"2024-08-02T15:05:32+00:00","og_image":[{"width":1200,"height":800,"url":"https:\/\/www.texabrasil.com.br\/wp-content\/uploads\/2022\/07\/headquarter-texa-032-1200x800.jpg","type":"image\/jpeg"}],"twitter_card":"summary_large_image","schema":{"@context":"https:\/\/schema.org","@graph":[{"@type":"WebPage","@id":"https:\/\/www.texabrasil.com.br\/rede-de-vendas\/","url":"https:\/\/www.texabrasil.com.br\/rede-de-vendas\/","name":"Red de ventas - TEXA do Brasil","isPartOf":{"@id":"https:\/\/www.texabrasil.com.br\/#website"},"primaryImageOfPage":{"@id":"https:\/\/www.texabrasil.com.br\/rede-de-vendas\/#primaryimage"},"image":{"@id":"https:\/\/www.texabrasil.com.br\/rede-de-vendas\/#primaryimage"},"thumbnailUrl":"https:\/\/www.texabrasil.com.br\/wp-content\/uploads\/2022\/07\/headquarter-texa-032.jpg","datePublished":"2019-11-12T14:37:01+00:00","dateModified":"2024-08-02T15:05:32+00:00","description":"Encuentre un Representante o Distribuidor TEXA m\u00e1s cercano a usted, ya sea en Brasil u otros pa\u00edses de Am\u00e9rica Latina.","breadcrumb":{"@id":"https:\/\/www.texabrasil.com.br\/rede-de-vendas\/#breadcrumb"},"inLanguage":"es","potentialAction":[{"@type":"ReadAction","target":["https:\/\/www.texabrasil.com.br\/rede-de-vendas\/"]}]},{"@type":"ImageObject","inLanguage":"es","@id":"https:\/\/www.texabrasil.com.br\/rede-de-vendas\/#primaryimage","url":"https:\/\/www.texabrasil.com.br\/wp-content\/uploads\/2022\/07\/headquarter-texa-032.jpg","contentUrl":"https:\/\/www.texabrasil.com.br\/wp-content\/uploads\/2022\/07\/headquarter-texa-032.jpg","width":2400,"height":1600},{"@type":"BreadcrumbList","@id":"https:\/\/www.texabrasil.com.br\/rede-de-vendas\/#breadcrumb","itemListElement":[{"@type":"ListItem","position":1,"name":"Home","item":"https:\/\/www.texabrasil.com.br\/"},{"@type":"ListItem","position":2,"name":"Red de ventas"}]},{"@type":"WebSite","@id":"https:\/\/www.texabrasil.com.br\/#website","url":"https:\/\/www.texabrasil.com.br\/","name":"TEXA do Brasil","description":"for automotive professionals","publisher":{"@id":"https:\/\/www.texabrasil.com.br\/#organization"},"potentialAction":[{"@type":"SearchAction","target":{"@type":"EntryPoint","urlTemplate":"https:\/\/www.texabrasil.com.br\/?s={search_term_string}"},"query-input":{"@type":"PropertyValueSpecification","valueRequired":true,"valueName":"search_term_string"}}],"inLanguage":"es"},{"@type":"Organization","@id":"https:\/\/www.texabrasil.com.br\/#organization","name":"TEXA do Brasil - Diagn\u00f3stico multimarcas e recicladoras de A\/C","url":"https:\/\/www.texabrasil.com.br\/","logo":{"@type":"ImageObject","inLanguage":"es","@id":"https:\/\/www.texabrasil.com.br\/#\/schema\/logo\/image\/","url":"https:\/\/www.texabrasil.com.br\/wp-content\/uploads\/2019\/11\/logo-TEXA.jpg","contentUrl":"https:\/\/www.texabrasil.com.br\/wp-content\/uploads\/2019\/11\/logo-TEXA.jpg","width":300,"height":300,"caption":"TEXA do Brasil - Diagn\u00f3stico multimarcas e recicladoras de A\/C"},"image":{"@id":"https:\/\/www.texabrasil.com.br\/#\/schema\/logo\/image\/"},"sameAs":["https:\/\/www.facebook.com\/texabrasil","https:\/\/www.instagram.com\/texabrasil\/","https:\/\/www.linkedin.com\/company\/texabrasil\/","https:\/\/www.youtube.com\/texabrasil"]}]}},"_links":{"self":[{"href":"https:\/\/www.texabrasil.com.br\/es\/wp-json\/wp\/v2\/pages\/25811","targetHints":{"allow":["GET"]}}],"collection":[{"href":"https:\/\/www.texabrasil.com.br\/es\/wp-json\/wp\/v2\/pages"}],"about":[{"href":"https:\/\/www.texabrasil.com.br\/es\/wp-json\/wp\/v2\/types\/page"}],"author":[{"embeddable":true,"href":"https:\/\/www.texabrasil.com.br\/es\/wp-json\/wp\/v2\/users\/1"}],"replies":[{"embeddable":true,"href":"https:\/\/www.texabrasil.com.br\/es\/wp-json\/wp\/v2\/comments?post=25811"}],"version-history":[{"count":0,"href":"https:\/\/www.texabrasil.com.br\/es\/wp-json\/wp\/v2\/pages\/25811\/revisions"}],"wp:featuredmedia":[{"embeddable":true,"href":"https:\/\/www.texabrasil.com.br\/es\/wp-json\/wp\/v2\/media\/24780"}],"wp:attachment":[{"href":"https:\/\/www.texabrasil.com.br\/es\/wp-json\/wp\/v2\/media?parent=25811"}],"wp:term":[{"taxonomy":"post_tag","embeddable":true,"href":"https:\/\/www.texabrasil.com.br\/es\/wp-json\/wp\/v2\/tags?post=25811"}],"curies":[{"name":"wp","href":"https:\/\/api.w.org\/{rel}","templated":true}]}}