{"id":25847,"date":"2020-10-30T15:16:45","date_gmt":"2020-10-30T18:16:45","guid":{"rendered":"https:\/\/www.texabrasil.com.br\/aviso-de-privacidad-del-conductor\/"},"modified":"2024-08-02T14:08:43","modified_gmt":"2024-08-02T17:08:43","slug":"aviso-de-privacidad-del-conductor","status":"publish","type":"page","link":"https:\/\/www.texabrasil.com.br\/es\/aviso-de-privacidad-del-conductor\/","title":{"rendered":"AVISO DE PRIVACIDAD DEL CONDUCTOR"},"content":{"rendered":"\t\t<div data-elementor-type=\"wp-page\" data-elementor-id=\"25847\" class=\"elementor elementor-25847 elementor-6249\" data-elementor-post-type=\"page\">\n\t\t\t\t\t\t<section class=\"elementor-section elementor-top-section elementor-element elementor-element-720a991 elementor-section-height-min-height elementor-section-items-stretch elementor-section-content-space-between elementor-section-boxed elementor-section-height-default\" data-id=\"720a991\" data-element_type=\"section\" data-settings=\"{&quot;background_background&quot;:&quot;classic&quot;,&quot;background_motion_fx_motion_fx_scrolling&quot;:&quot;yes&quot;,&quot;background_motion_fx_translateY_effect&quot;:&quot;yes&quot;,&quot;background_motion_fx_translateY_speed&quot;:{&quot;unit&quot;:&quot;px&quot;,&quot;size&quot;:2,&quot;sizes&quot;:[]},&quot;background_motion_fx_translateY_affectedRange&quot;:{&quot;unit&quot;:&quot;%&quot;,&quot;size&quot;:&quot;&quot;,&quot;sizes&quot;:{&quot;start&quot;:0,&quot;end&quot;:100}},&quot;background_motion_fx_devices&quot;:[&quot;desktop&quot;,&quot;tablet&quot;,&quot;mobile&quot;]}\">\n\t\t\t\t\t\t\t<div class=\"elementor-background-overlay\"><\/div>\n\t\t\t\t\t\t\t<div class=\"elementor-container elementor-column-gap-wider\">\n\t\t\t\t\t<div class=\"elementor-column elementor-col-100 elementor-top-column elementor-element elementor-element-2c9d0f0\" data-id=\"2c9d0f0\" data-element_type=\"column\">\n\t\t\t<div class=\"elementor-widget-wrap elementor-element-populated\">\n\t\t\t\t\t\t<div class=\"elementor-element elementor-element-c6214b3 elementor-widget elementor-widget-spacer\" data-id=\"c6214b3\" data-element_type=\"widget\" data-widget_type=\"spacer.default\">\n\t\t\t\t<div class=\"elementor-widget-container\">\n\t\t\t\t\t\t\t<div class=\"elementor-spacer\">\n\t\t\t<div class=\"elementor-spacer-inner\"><\/div>\n\t\t<\/div>\n\t\t\t\t\t\t<\/div>\n\t\t\t\t<\/div>\n\t\t\t\t<section class=\"elementor-section elementor-inner-section elementor-element elementor-element-51029d7 elementor-section-boxed elementor-section-height-default elementor-section-height-default\" data-id=\"51029d7\" data-element_type=\"section\">\n\t\t\t\t\t\t<div class=\"elementor-container elementor-column-gap-default\">\n\t\t\t\t\t<div class=\"elementor-column elementor-col-100 elementor-inner-column elementor-element elementor-element-f384e0c\" data-id=\"f384e0c\" data-element_type=\"column\">\n\t\t\t<div class=\"elementor-widget-wrap elementor-element-populated\">\n\t\t\t\t\t\t<div class=\"elementor-element elementor-element-63d9518 elementor-widget elementor-widget-heading\" data-id=\"63d9518\" data-element_type=\"widget\" data-widget_type=\"heading.default\">\n\t\t\t\t<div class=\"elementor-widget-container\">\n\t\t\t\t\t<h1 class=\"elementor-heading-title elementor-size-xxl\">AVISO DE PRIVACIDAD DEL CONDUCTOR<\/h1>\t\t\t\t<\/div>\n\t\t\t\t<\/div>\n\t\t\t\t\t<\/div>\n\t\t<\/div>\n\t\t\t\t\t<\/div>\n\t\t<\/section>\n\t\t\t\t\t<\/div>\n\t\t<\/div>\n\t\t\t\t\t<\/div>\n\t\t<\/section>\n\t\t\t\t<section class=\"elementor-section elementor-top-section elementor-element elementor-element-bf91bce elementor-section-boxed elementor-section-height-default elementor-section-height-default\" data-id=\"bf91bce\" data-element_type=\"section\">\n\t\t\t\t\t\t<div class=\"elementor-container elementor-column-gap-no\">\n\t\t\t\t\t<div class=\"elementor-column elementor-col-100 elementor-top-column elementor-element elementor-element-5c7b429\" data-id=\"5c7b429\" data-element_type=\"column\">\n\t\t\t<div class=\"elementor-widget-wrap elementor-element-populated\">\n\t\t\t\t\t\t<div class=\"elementor-element elementor-element-38c1fdb elementor-widget elementor-widget-spacer\" data-id=\"38c1fdb\" data-element_type=\"widget\" data-widget_type=\"spacer.default\">\n\t\t\t\t<div class=\"elementor-widget-container\">\n\t\t\t\t\t\t\t<div class=\"elementor-spacer\">\n\t\t\t<div class=\"elementor-spacer-inner\"><\/div>\n\t\t<\/div>\n\t\t\t\t\t\t<\/div>\n\t\t\t\t<\/div>\n\t\t\t\t<div class=\"elementor-element elementor-element-b9d965b elementor-widget elementor-widget-text-editor\" data-id=\"b9d965b\" data-element_type=\"widget\" data-widget_type=\"text-editor.default\">\n\t\t\t\t<div class=\"elementor-widget-container\">\n\t\t\t\t\t\t\t\t\t<div align=\"justify\">\r\n<blockquote>\r\n<div align=\"justify\">\r\n\r\n<strong>Aviso de privacidad del conductor<\/strong>\r\n\r\nEste aviso contiene informaci\u00f3n sobre el prop\u00f3sito de la recopilaci\u00f3n y los m\u00e9todos de procesamiento de datos personales para permitir el uso de los Servicios proporcionados por TEXA SpA (\u201cTEXA\u201d) a trav\u00e9s del Dispositivo eTRUCK.\r\nEn este documento, las palabras escritas con letras may\u00fasculas tienen el significado que se les da en el documento titulado \u201cT\u00e9rminos generales de uso de la aplicaci\u00f3n TEXA eTRUCK Driver\u201d, a menos que se d\u00e9 otra definici\u00f3n en este documento.\r\n\r\n1. OBJETO DEL TRATAMIENTO\r\nAl crear su Cuenta, el Conductor proporciona datos personales e informaci\u00f3n de contacto, como el n\u00famero de tel\u00e9fono y la direcci\u00f3n de correo electr\u00f3nico. Al crear su Cuenta, el Conductor debe confirmar que ha le\u00eddo atentamente este Aviso de Privacidad y acepta los prop\u00f3sitos y la forma aqu\u00ed descrita para el procesamiento de sus datos personales. El Conductor puede acceder, actualizar, modificar y eliminar los datos proporcionados al crear su Cuenta. Es responsabilidad del Conductor mantener actualizados los datos proporcionados.\r\n\r\n2. EL RESPONSABLE DEL TRATAMIENTO Y EL ENCARGADO DEL TRATAMIENTO DE DATOS\r\nEl responsable del tratamiento de los datos personales del Conductor es el Gestor de Flota como responsable de la Flota de Veh\u00edculos en la que est\u00e1n instalados los dispositivos eTRUCK y como titular del Contrato de Flota.\r\n\r\nLos datos y contactos del Responsable de la Flota, como Responsable del Tratamiento, aparecen en el correo electr\u00f3nico de invitaci\u00f3n para descargar y utilizar la Driver App, indicando el ID de la Flota, recibido por el Conductor con el fin de acceder a la propia Driver App. Los Responsables del Tratamiento de Datos son:\r\n\r\na) TEXA SpA &#8211; Domicilio social Via 1 Maggio, 9 \u2013 31050 Monastier di Treviso, Italia, tel\u00e9fono +39 0422 791311 fax +39 0422 791300 correo electr\u00f3nico info.it@texa.com, con poderes de subdelegaci\u00f3n, que fue delegado por el Responsable del tratamiento para realizar este aviso.\r\nb) El Taller designado en cada momento por el Responsable de la Flota tendr\u00e1 justificaci\u00f3n para el tratamiento de los Datos del Conductor para la prestaci\u00f3n de Servicios de Diagn\u00f3stico y Gesti\u00f3n.\r\n\r\nEl Conductor podr\u00e1 solicitar al Responsable de Flota o a TEXA los datos de contacto del Taller designado por el Responsable de Flota.\r\n\r\n3. FINALIDAD DEL TRATAMIENTO DE DATOS\r\nLos datos proporcionados por el Conductor para utilizar los Servicios ser\u00e1n tratados con las siguientes finalidades:\r\n\r\n(i) cumplimiento relacionado con la prestaci\u00f3n de los Servicios previstos en el contrato mediante el uso de la Aplicaci\u00f3n, incluida la recopilaci\u00f3n, el almacenamiento de datos personales para la prestaci\u00f3n de Servicios de Visualizaci\u00f3n, Diagn\u00f3stico y Gesti\u00f3n\r\n(ii) cumplimiento de obligaciones legales, contables, fiscales, administrativas y contractuales relacionadas con la prestaci\u00f3n de Servicios\r\n(iii) acciones vinculadas a la relaci\u00f3n contractual encaminadas a mejorar los Servicios\r\n\r\n4. M\u00c9TODOS DE ELABORACI\u00d3N Y TIEMPO DE ALMACENAMIENTO\r\nLos datos personales ser\u00e1n tratados de conformidad con la ley y los principios de licitud, correcci\u00f3n y transparencia, salvaguardando los derechos de privacidad del Conductor. Los datos del Conductor ser\u00e1n tratados con instrumentos electr\u00f3nicos para garantizar la m\u00e1xima seguridad y confidencialidad, aunque puede ocurrir que los datos sean tratados manualmente con instrumentos que garanticen la seguridad y confidencialidad. Los datos tratados se conservan durante el tiempo necesario para la adecuada prestaci\u00f3n de los Servicios y, salvo en los casos previstos en el p\u00e1rrafo siguiente en relaci\u00f3n con el tiempo dedicado a tareas de investigaci\u00f3n o verificaci\u00f3n y cuando el tratamiento ya no sea necesario, se eliminar\u00e1n. en un plazo razonable (actualmente fijado en 24 meses desde la finalizaci\u00f3n del Contrato de Flota, si el propio contrato no se renueva o el Gestor de la Flota no implementa el procedimiento de cambio de Taller) y, en cualquier caso, de conformidad con la legislaci\u00f3n aplicable. .\r\n\r\n5. PERSONAS A QUIENES SE PUEDEN COMUNICAR DATOS PERSONALES\r\nTEXA podr\u00e1 revelar a terceros los datos del Conductor utilizados para realizar tareas instrumentales o funcionales para la prestaci\u00f3n de los Servicios o el cumplimiento de obligaciones legales. Dichas entidades s\u00f3lo recibir\u00e1n la informaci\u00f3n necesaria para realizar los servicios y estar\u00e1n obligadas a tomar todas las medidas de seguridad para proteger los datos de acuerdo con la legislaci\u00f3n aplicable.\r\n\r\nLa informaci\u00f3n proporcionada para la prestaci\u00f3n de los Servicios y el uso de la Aplicaci\u00f3n podr\u00e1 ser divulgada a las siguientes personas o categor\u00edas de personas:\r\n\r\n1. Fuerzas policiales, fuerzas armadas y administraciones p\u00fablicas para cumplir las obligaciones previstas por la ley, los reglamentos o las disposiciones comunitarias.\r\n2. Sociedades, entidades o asociaciones, o sociedades controlantes, filiales y asociadas, de conformidad con el art. 2359 C\u00f3digo Civil italiano, limitado a notificaciones enviadas con fines administrativos y contables\r\n3. compa\u00f1\u00edas de seguros para la liquidaci\u00f3n de siniestros\r\n\r\nEn estos casos, el tiempo de almacenamiento puede depender del tiempo dedicado a la verificaci\u00f3n e investigaci\u00f3n.\r\n\r\nLos delegados del controlador de datos y los administradores de procesamiento designados apropiadamente pueden conocer los detalles del administrador de flota. En cualquier caso, los detalles\r\n\r\n<\/div><\/blockquote>\r\n<\/div>\t\t\t\t\t\t\t\t<\/div>\n\t\t\t\t<\/div>\n\t\t\t\t<div class=\"elementor-element elementor-element-4392946 elementor-widget elementor-widget-spacer\" data-id=\"4392946\" data-element_type=\"widget\" data-widget_type=\"spacer.default\">\n\t\t\t\t<div class=\"elementor-widget-container\">\n\t\t\t\t\t\t\t<div class=\"elementor-spacer\">\n\t\t\t<div class=\"elementor-spacer-inner\"><\/div>\n\t\t<\/div>\n\t\t\t\t\t\t<\/div>\n\t\t\t\t<\/div>\n\t\t\t\t\t<\/div>\n\t\t<\/div>\n\t\t\t\t\t<\/div>\n\t\t<\/section>\n\t\t\t\t<\/div>\n\t\t","protected":false},"excerpt":{"rendered":"<p>Aviso de privacidad del conductor Este aviso contiene informaci\u00f3n sobre el prop\u00f3sito de la recopilaci\u00f3n y los m\u00e9todos de procesamiento de datos personales para permitir el uso de los Servicios proporcionados por TEXA SpA (\u201cTEXA\u201d) a trav\u00e9s del Dispositivo eTRUCK. En este documento, las palabras escritas con letras may\u00fasculas tienen el significado que se les [&hellip;]<\/p>\n","protected":false},"author":1,"featured_media":23000,"parent":0,"menu_order":100,"comment_status":"closed","ping_status":"closed","template":"","meta":{"_acf_changed":false,"footnotes":""},"tags":[],"class_list":["post-25847","page","type-page","status-publish","has-post-thumbnail","hentry"],"acf":[],"yoast_head":"<!-- This site is optimized with the Yoast SEO plugin v26.8 - https:\/\/yoast.com\/product\/yoast-seo-wordpress\/ -->\n<title>TEXA do Brasil - Aviso de Privacidad del Conductor<\/title>\n<meta name=\"description\" content=\"Este aviso contiene informaci\u00f3n sobre el prop\u00f3sito y los m\u00e9todos de procesamiento de los datos personales recopilados para permitir el uso de los Servicios proporcionados por TEXA S.p.A. (\u201cTEXA\u201d) a trav\u00e9s del dispositivo eTRUCK. En este documento, las palabras escritas con letras may\u00fasculas tienen el significado que se les da en el documento titulado \u201cT\u00e9rminos generales de uso de la aplicaci\u00f3n TEXA eTRUCK Driver\u201d, a menos que se d\u00e9 otra definici\u00f3n en este documento.\" \/>\n<meta name=\"robots\" content=\"index, follow, max-snippet:-1, max-image-preview:large, max-video-preview:-1\" \/>\n<link rel=\"canonical\" href=\"https:\/\/www.texabrasil.com.br\/privacidade-motorista-aviso\/\" \/>\n<meta property=\"og:locale\" content=\"es_ES\" \/>\n<meta property=\"og:type\" content=\"article\" \/>\n<meta property=\"og:title\" content=\"TEXA do Brasil - Aviso de Privacidad del Conductor\" \/>\n<meta property=\"og:description\" content=\"Este aviso contiene informaci\u00f3n sobre el prop\u00f3sito y los m\u00e9todos de procesamiento de los datos personales recopilados para permitir el uso de los Servicios proporcionados por TEXA S.p.A. (\u201cTEXA\u201d) a trav\u00e9s del dispositivo eTRUCK. En este documento, las palabras escritas con letras may\u00fasculas tienen el significado que se les da en el documento titulado \u201cT\u00e9rminos generales de uso de la aplicaci\u00f3n TEXA eTRUCK Driver\u201d, a menos que se d\u00e9 otra definici\u00f3n en este documento.\" \/>\n<meta property=\"og:url\" content=\"https:\/\/www.texabrasil.com.br\/privacidade-motorista-aviso\/\" \/>\n<meta property=\"og:site_name\" content=\"TEXA\" \/>\n<meta property=\"article:publisher\" content=\"https:\/\/www.facebook.com\/texabrasil\" \/>\n<meta property=\"article:modified_time\" content=\"2024-08-02T17:08:43+00:00\" \/>\n<meta property=\"og:image\" content=\"https:\/\/www.texabrasil.com.br\/wp-content\/uploads\/2020\/05\/texa-azienda-filiali.jpg\" \/>\n\t<meta property=\"og:image:width\" content=\"1920\" \/>\n\t<meta property=\"og:image:height\" content=\"1280\" \/>\n\t<meta property=\"og:image:type\" content=\"image\/jpeg\" \/>\n<meta name=\"twitter:card\" content=\"summary_large_image\" \/>\n<meta name=\"twitter:label1\" content=\"Tiempo de lectura\" \/>\n\t<meta name=\"twitter:data1\" content=\"4 minutos\" \/>\n<script type=\"application\/ld+json\" class=\"yoast-schema-graph\">{\"@context\":\"https:\/\/schema.org\",\"@graph\":[{\"@type\":\"WebPage\",\"@id\":\"https:\/\/www.texabrasil.com.br\/privacidade-motorista-aviso\/\",\"url\":\"https:\/\/www.texabrasil.com.br\/privacidade-motorista-aviso\/\",\"name\":\"TEXA do Brasil - Aviso de Privacidad del Conductor\",\"isPartOf\":{\"@id\":\"https:\/\/www.texabrasil.com.br\/#website\"},\"primaryImageOfPage\":{\"@id\":\"https:\/\/www.texabrasil.com.br\/privacidade-motorista-aviso\/#primaryimage\"},\"image\":{\"@id\":\"https:\/\/www.texabrasil.com.br\/privacidade-motorista-aviso\/#primaryimage\"},\"thumbnailUrl\":\"https:\/\/www.texabrasil.com.br\/wp-content\/uploads\/2020\/05\/texa-azienda-filiali.jpg\",\"datePublished\":\"2020-10-30T18:16:45+00:00\",\"dateModified\":\"2024-08-02T17:08:43+00:00\",\"description\":\"Este aviso contiene informaci\u00f3n sobre el prop\u00f3sito y los m\u00e9todos de procesamiento de los datos personales recopilados para permitir el uso de los Servicios proporcionados por TEXA S.p.A. (\u201cTEXA\u201d) a trav\u00e9s del dispositivo eTRUCK. En este documento, las palabras escritas con letras may\u00fasculas tienen el significado que se les da en el documento titulado \u201cT\u00e9rminos generales de uso de la aplicaci\u00f3n TEXA eTRUCK Driver\u201d, a menos que se d\u00e9 otra definici\u00f3n en este documento.\",\"breadcrumb\":{\"@id\":\"https:\/\/www.texabrasil.com.br\/privacidade-motorista-aviso\/#breadcrumb\"},\"inLanguage\":\"es\",\"potentialAction\":[{\"@type\":\"ReadAction\",\"target\":[\"https:\/\/www.texabrasil.com.br\/privacidade-motorista-aviso\/\"]}]},{\"@type\":\"ImageObject\",\"inLanguage\":\"es\",\"@id\":\"https:\/\/www.texabrasil.com.br\/privacidade-motorista-aviso\/#primaryimage\",\"url\":\"https:\/\/www.texabrasil.com.br\/wp-content\/uploads\/2020\/05\/texa-azienda-filiali.jpg\",\"contentUrl\":\"https:\/\/www.texabrasil.com.br\/wp-content\/uploads\/2020\/05\/texa-azienda-filiali.jpg\",\"width\":1920,\"height\":1280},{\"@type\":\"BreadcrumbList\",\"@id\":\"https:\/\/www.texabrasil.com.br\/privacidade-motorista-aviso\/#breadcrumb\",\"itemListElement\":[{\"@type\":\"ListItem\",\"position\":1,\"name\":\"Home\",\"item\":\"https:\/\/www.texabrasil.com.br\/\"},{\"@type\":\"ListItem\",\"position\":2,\"name\":\"AVISO DE PRIVACIDAD DEL CONDUCTOR\"}]},{\"@type\":\"WebSite\",\"@id\":\"https:\/\/www.texabrasil.com.br\/#website\",\"url\":\"https:\/\/www.texabrasil.com.br\/\",\"name\":\"TEXA do Brasil\",\"description\":\"for automotive professionals\",\"publisher\":{\"@id\":\"https:\/\/www.texabrasil.com.br\/#organization\"},\"potentialAction\":[{\"@type\":\"SearchAction\",\"target\":{\"@type\":\"EntryPoint\",\"urlTemplate\":\"https:\/\/www.texabrasil.com.br\/?s={search_term_string}\"},\"query-input\":{\"@type\":\"PropertyValueSpecification\",\"valueRequired\":true,\"valueName\":\"search_term_string\"}}],\"inLanguage\":\"es\"},{\"@type\":\"Organization\",\"@id\":\"https:\/\/www.texabrasil.com.br\/#organization\",\"name\":\"TEXA do Brasil - Diagn\u00f3stico multimarcas e recicladoras de A\/C\",\"url\":\"https:\/\/www.texabrasil.com.br\/\",\"logo\":{\"@type\":\"ImageObject\",\"inLanguage\":\"es\",\"@id\":\"https:\/\/www.texabrasil.com.br\/#\/schema\/logo\/image\/\",\"url\":\"https:\/\/www.texabrasil.com.br\/wp-content\/uploads\/2019\/11\/logo-TEXA.jpg\",\"contentUrl\":\"https:\/\/www.texabrasil.com.br\/wp-content\/uploads\/2019\/11\/logo-TEXA.jpg\",\"width\":300,\"height\":300,\"caption\":\"TEXA do Brasil - Diagn\u00f3stico multimarcas e recicladoras de A\/C\"},\"image\":{\"@id\":\"https:\/\/www.texabrasil.com.br\/#\/schema\/logo\/image\/\"},\"sameAs\":[\"https:\/\/www.facebook.com\/texabrasil\",\"https:\/\/www.instagram.com\/texabrasil\/\",\"https:\/\/www.linkedin.com\/company\/texabrasil\/\",\"https:\/\/www.youtube.com\/texabrasil\"]}]}<\/script>\n<!-- \/ Yoast SEO plugin. -->","yoast_head_json":{"title":"TEXA do Brasil - Aviso de Privacidad del Conductor","description":"Este aviso contiene informaci\u00f3n sobre el prop\u00f3sito y los m\u00e9todos de procesamiento de los datos personales recopilados para permitir el uso de los Servicios proporcionados por TEXA S.p.A. (\u201cTEXA\u201d) a trav\u00e9s del dispositivo eTRUCK. En este documento, las palabras escritas con letras may\u00fasculas tienen el significado que se les da en el documento titulado \u201cT\u00e9rminos generales de uso de la aplicaci\u00f3n TEXA eTRUCK Driver\u201d, a menos que se d\u00e9 otra definici\u00f3n en este documento.","robots":{"index":"index","follow":"follow","max-snippet":"max-snippet:-1","max-image-preview":"max-image-preview:large","max-video-preview":"max-video-preview:-1"},"canonical":"https:\/\/www.texabrasil.com.br\/privacidade-motorista-aviso\/","og_locale":"es_ES","og_type":"article","og_title":"TEXA do Brasil - Aviso de Privacidad del Conductor","og_description":"Este aviso contiene informaci\u00f3n sobre el prop\u00f3sito y los m\u00e9todos de procesamiento de los datos personales recopilados para permitir el uso de los Servicios proporcionados por TEXA S.p.A. (\u201cTEXA\u201d) a trav\u00e9s del dispositivo eTRUCK. En este documento, las palabras escritas con letras may\u00fasculas tienen el significado que se les da en el documento titulado \u201cT\u00e9rminos generales de uso de la aplicaci\u00f3n TEXA eTRUCK Driver\u201d, a menos que se d\u00e9 otra definici\u00f3n en este documento.","og_url":"https:\/\/www.texabrasil.com.br\/privacidade-motorista-aviso\/","og_site_name":"TEXA","article_publisher":"https:\/\/www.facebook.com\/texabrasil","article_modified_time":"2024-08-02T17:08:43+00:00","og_image":[{"width":1920,"height":1280,"url":"https:\/\/www.texabrasil.com.br\/wp-content\/uploads\/2020\/05\/texa-azienda-filiali.jpg","type":"image\/jpeg"}],"twitter_card":"summary_large_image","twitter_misc":{"Tiempo de lectura":"4 minutos"},"schema":{"@context":"https:\/\/schema.org","@graph":[{"@type":"WebPage","@id":"https:\/\/www.texabrasil.com.br\/privacidade-motorista-aviso\/","url":"https:\/\/www.texabrasil.com.br\/privacidade-motorista-aviso\/","name":"TEXA do Brasil - Aviso de Privacidad del Conductor","isPartOf":{"@id":"https:\/\/www.texabrasil.com.br\/#website"},"primaryImageOfPage":{"@id":"https:\/\/www.texabrasil.com.br\/privacidade-motorista-aviso\/#primaryimage"},"image":{"@id":"https:\/\/www.texabrasil.com.br\/privacidade-motorista-aviso\/#primaryimage"},"thumbnailUrl":"https:\/\/www.texabrasil.com.br\/wp-content\/uploads\/2020\/05\/texa-azienda-filiali.jpg","datePublished":"2020-10-30T18:16:45+00:00","dateModified":"2024-08-02T17:08:43+00:00","description":"Este aviso contiene informaci\u00f3n sobre el prop\u00f3sito y los m\u00e9todos de procesamiento de los datos personales recopilados para permitir el uso de los Servicios proporcionados por TEXA S.p.A. (\u201cTEXA\u201d) a trav\u00e9s del dispositivo eTRUCK. En este documento, las palabras escritas con letras may\u00fasculas tienen el significado que se les da en el documento titulado \u201cT\u00e9rminos generales de uso de la aplicaci\u00f3n TEXA eTRUCK Driver\u201d, a menos que se d\u00e9 otra definici\u00f3n en este documento.","breadcrumb":{"@id":"https:\/\/www.texabrasil.com.br\/privacidade-motorista-aviso\/#breadcrumb"},"inLanguage":"es","potentialAction":[{"@type":"ReadAction","target":["https:\/\/www.texabrasil.com.br\/privacidade-motorista-aviso\/"]}]},{"@type":"ImageObject","inLanguage":"es","@id":"https:\/\/www.texabrasil.com.br\/privacidade-motorista-aviso\/#primaryimage","url":"https:\/\/www.texabrasil.com.br\/wp-content\/uploads\/2020\/05\/texa-azienda-filiali.jpg","contentUrl":"https:\/\/www.texabrasil.com.br\/wp-content\/uploads\/2020\/05\/texa-azienda-filiali.jpg","width":1920,"height":1280},{"@type":"BreadcrumbList","@id":"https:\/\/www.texabrasil.com.br\/privacidade-motorista-aviso\/#breadcrumb","itemListElement":[{"@type":"ListItem","position":1,"name":"Home","item":"https:\/\/www.texabrasil.com.br\/"},{"@type":"ListItem","position":2,"name":"AVISO DE PRIVACIDAD DEL CONDUCTOR"}]},{"@type":"WebSite","@id":"https:\/\/www.texabrasil.com.br\/#website","url":"https:\/\/www.texabrasil.com.br\/","name":"TEXA do Brasil","description":"for automotive professionals","publisher":{"@id":"https:\/\/www.texabrasil.com.br\/#organization"},"potentialAction":[{"@type":"SearchAction","target":{"@type":"EntryPoint","urlTemplate":"https:\/\/www.texabrasil.com.br\/?s={search_term_string}"},"query-input":{"@type":"PropertyValueSpecification","valueRequired":true,"valueName":"search_term_string"}}],"inLanguage":"es"},{"@type":"Organization","@id":"https:\/\/www.texabrasil.com.br\/#organization","name":"TEXA do Brasil - Diagn\u00f3stico multimarcas e recicladoras de A\/C","url":"https:\/\/www.texabrasil.com.br\/","logo":{"@type":"ImageObject","inLanguage":"es","@id":"https:\/\/www.texabrasil.com.br\/#\/schema\/logo\/image\/","url":"https:\/\/www.texabrasil.com.br\/wp-content\/uploads\/2019\/11\/logo-TEXA.jpg","contentUrl":"https:\/\/www.texabrasil.com.br\/wp-content\/uploads\/2019\/11\/logo-TEXA.jpg","width":300,"height":300,"caption":"TEXA do Brasil - Diagn\u00f3stico multimarcas e recicladoras de A\/C"},"image":{"@id":"https:\/\/www.texabrasil.com.br\/#\/schema\/logo\/image\/"},"sameAs":["https:\/\/www.facebook.com\/texabrasil","https:\/\/www.instagram.com\/texabrasil\/","https:\/\/www.linkedin.com\/company\/texabrasil\/","https:\/\/www.youtube.com\/texabrasil"]}]}},"_links":{"self":[{"href":"https:\/\/www.texabrasil.com.br\/es\/wp-json\/wp\/v2\/pages\/25847","targetHints":{"allow":["GET"]}}],"collection":[{"href":"https:\/\/www.texabrasil.com.br\/es\/wp-json\/wp\/v2\/pages"}],"about":[{"href":"https:\/\/www.texabrasil.com.br\/es\/wp-json\/wp\/v2\/types\/page"}],"author":[{"embeddable":true,"href":"https:\/\/www.texabrasil.com.br\/es\/wp-json\/wp\/v2\/users\/1"}],"replies":[{"embeddable":true,"href":"https:\/\/www.texabrasil.com.br\/es\/wp-json\/wp\/v2\/comments?post=25847"}],"version-history":[{"count":0,"href":"https:\/\/www.texabrasil.com.br\/es\/wp-json\/wp\/v2\/pages\/25847\/revisions"}],"wp:featuredmedia":[{"embeddable":true,"href":"https:\/\/www.texabrasil.com.br\/es\/wp-json\/wp\/v2\/media\/23000"}],"wp:attachment":[{"href":"https:\/\/www.texabrasil.com.br\/es\/wp-json\/wp\/v2\/media?parent=25847"}],"wp:term":[{"taxonomy":"post_tag","embeddable":true,"href":"https:\/\/www.texabrasil.com.br\/es\/wp-json\/wp\/v2\/tags?post=25847"}],"curies":[{"name":"wp","href":"https:\/\/api.w.org\/{rel}","templated":true}]}}