{"id":25876,"date":"2020-11-16T15:28:35","date_gmt":"2020-11-16T18:28:35","guid":{"rendered":"https:\/\/www.texabrasil.com.br\/informacion-de-la-empresa\/"},"modified":"2024-08-07T12:12:45","modified_gmt":"2024-08-07T15:12:45","slug":"informacion-de-la-empresa","status":"publish","type":"page","link":"https:\/\/www.texabrasil.com.br\/es\/informacion-de-la-empresa\/","title":{"rendered":"Informaci\u00f3n de la empresa"},"content":{"rendered":"\t\t<div data-elementor-type=\"wp-page\" data-elementor-id=\"25876\" class=\"elementor elementor-25876 elementor-6868\" data-elementor-post-type=\"page\">\n\t\t\t\t\t\t<section class=\"elementor-section elementor-top-section elementor-element elementor-element-df5f342 elementor-section-height-min-height elementor-section-items-stretch elementor-section-content-space-between elementor-section-boxed elementor-section-height-default\" data-id=\"df5f342\" data-element_type=\"section\" data-settings=\"{&quot;background_background&quot;:&quot;classic&quot;,&quot;background_motion_fx_motion_fx_scrolling&quot;:&quot;yes&quot;,&quot;background_motion_fx_translateY_effect&quot;:&quot;yes&quot;,&quot;background_motion_fx_translateY_speed&quot;:{&quot;unit&quot;:&quot;px&quot;,&quot;size&quot;:2,&quot;sizes&quot;:[]},&quot;background_motion_fx_translateY_affectedRange&quot;:{&quot;unit&quot;:&quot;%&quot;,&quot;size&quot;:&quot;&quot;,&quot;sizes&quot;:{&quot;start&quot;:0,&quot;end&quot;:100}},&quot;background_motion_fx_devices&quot;:[&quot;desktop&quot;,&quot;tablet&quot;,&quot;mobile&quot;]}\">\n\t\t\t\t\t\t\t<div class=\"elementor-background-overlay\"><\/div>\n\t\t\t\t\t\t\t<div class=\"elementor-container elementor-column-gap-wider\">\n\t\t\t\t\t<div class=\"elementor-column elementor-col-100 elementor-top-column elementor-element elementor-element-0f887ce\" data-id=\"0f887ce\" data-element_type=\"column\">\n\t\t\t<div class=\"elementor-widget-wrap elementor-element-populated\">\n\t\t\t\t\t\t<div class=\"elementor-element elementor-element-d926641 elementor-widget elementor-widget-spacer\" data-id=\"d926641\" data-element_type=\"widget\" data-widget_type=\"spacer.default\">\n\t\t\t\t<div class=\"elementor-widget-container\">\n\t\t\t\t\t\t\t<div class=\"elementor-spacer\">\n\t\t\t<div class=\"elementor-spacer-inner\"><\/div>\n\t\t<\/div>\n\t\t\t\t\t\t<\/div>\n\t\t\t\t<\/div>\n\t\t\t\t<section class=\"elementor-section elementor-inner-section elementor-element elementor-element-d649640 elementor-section-boxed elementor-section-height-default elementor-section-height-default\" data-id=\"d649640\" data-element_type=\"section\">\n\t\t\t\t\t\t<div class=\"elementor-container elementor-column-gap-default\">\n\t\t\t\t\t<div class=\"elementor-column elementor-col-100 elementor-inner-column elementor-element elementor-element-12e91c3\" data-id=\"12e91c3\" data-element_type=\"column\">\n\t\t\t<div class=\"elementor-widget-wrap elementor-element-populated\">\n\t\t\t\t\t\t<div class=\"elementor-element elementor-element-e5886e4 elementor-widget elementor-widget-heading\" data-id=\"e5886e4\" data-element_type=\"widget\" data-widget_type=\"heading.default\">\n\t\t\t\t<div class=\"elementor-widget-container\">\n\t\t\t\t\t<h1 class=\"elementor-heading-title elementor-size-xxl\">Informaci\u00f3n de la empresa<\/h1>\t\t\t\t<\/div>\n\t\t\t\t<\/div>\n\t\t\t\t\t<\/div>\n\t\t<\/div>\n\t\t\t\t\t<\/div>\n\t\t<\/section>\n\t\t\t\t\t<\/div>\n\t\t<\/div>\n\t\t\t\t\t<\/div>\n\t\t<\/section>\n\t\t\t\t<section class=\"elementor-section elementor-top-section elementor-element elementor-element-32b7e79 elementor-section-boxed elementor-section-height-default elementor-section-height-default\" data-id=\"32b7e79\" data-element_type=\"section\">\n\t\t\t\t\t\t<div class=\"elementor-container elementor-column-gap-default\">\n\t\t\t\t\t<div class=\"elementor-column elementor-col-100 elementor-top-column elementor-element elementor-element-9b3590f\" data-id=\"9b3590f\" data-element_type=\"column\">\n\t\t\t<div class=\"elementor-widget-wrap elementor-element-populated\">\n\t\t\t\t\t\t<div class=\"elementor-element elementor-element-8b1a8eb elementor-widget elementor-widget-spacer\" data-id=\"8b1a8eb\" data-element_type=\"widget\" data-widget_type=\"spacer.default\">\n\t\t\t\t<div class=\"elementor-widget-container\">\n\t\t\t\t\t\t\t<div class=\"elementor-spacer\">\n\t\t\t<div class=\"elementor-spacer-inner\"><\/div>\n\t\t<\/div>\n\t\t\t\t\t\t<\/div>\n\t\t\t\t<\/div>\n\t\t\t\t\t<\/div>\n\t\t<\/div>\n\t\t\t\t\t<\/div>\n\t\t<\/section>\n\t\t\t\t<section class=\"elementor-section elementor-top-section elementor-element elementor-element-e88a0e1 elementor-section-boxed elementor-section-height-default elementor-section-height-default\" data-id=\"e88a0e1\" data-element_type=\"section\">\n\t\t\t\t\t\t<div class=\"elementor-container elementor-column-gap-default\">\n\t\t\t\t\t<div class=\"elementor-column elementor-col-50 elementor-top-column elementor-element elementor-element-5e11b96\" data-id=\"5e11b96\" data-element_type=\"column\">\n\t\t\t<div class=\"elementor-widget-wrap elementor-element-populated\">\n\t\t\t\t\t\t<div class=\"elementor-element elementor-element-c9ef79d elementor-widget elementor-widget-image\" data-id=\"c9ef79d\" data-element_type=\"widget\" data-widget_type=\"image.default\">\n\t\t\t\t<div class=\"elementor-widget-container\">\n\t\t\t\t\t\t\t\t\t\t\t\t\t\t\t<img fetchpriority=\"high\" decoding=\"async\" width=\"600\" height=\"600\" src=\"https:\/\/www.texabrasil.com.br\/wp-content\/uploads\/2020\/11\/footer-company-01.jpg\" class=\"attachment-large size-large wp-image-23999\" alt=\"\" srcset=\"https:\/\/www.texabrasil.com.br\/wp-content\/uploads\/2020\/11\/footer-company-01.jpg 600w, https:\/\/www.texabrasil.com.br\/wp-content\/uploads\/2020\/11\/footer-company-01-300x300.jpg 300w\" sizes=\"(max-width: 600px) 100vw, 600px\" \/>\t\t\t\t\t\t\t\t\t\t\t\t\t\t\t<\/div>\n\t\t\t\t<\/div>\n\t\t\t\t\t<\/div>\n\t\t<\/div>\n\t\t\t\t<div class=\"elementor-column elementor-col-50 elementor-top-column elementor-element elementor-element-0292556\" data-id=\"0292556\" data-element_type=\"column\">\n\t\t\t<div class=\"elementor-widget-wrap elementor-element-populated\">\n\t\t\t\t\t\t<div class=\"elementor-element elementor-element-1bde08c elementor-widget elementor-widget-heading\" data-id=\"1bde08c\" data-element_type=\"widget\" data-widget_type=\"heading.default\">\n\t\t\t\t<div class=\"elementor-widget-container\">\n\t\t\t\t\t<h2 class=\"elementor-heading-title elementor-size-default\">TEXA S.p.A.<\/h2>\t\t\t\t<\/div>\n\t\t\t\t<\/div>\n\t\t\t\t<div class=\"elementor-element elementor-element-26c26a0 elementor-widget elementor-widget-text-editor\" data-id=\"26c26a0\" data-element_type=\"widget\" data-widget_type=\"text-editor.default\">\n\t\t\t\t<div class=\"elementor-widget-container\">\n\t\t\t\t\t\t\t\t\t<p><strong>Oficina registrada<\/strong><br \/>\nVia 1 Maggio, 9<br \/>\n31050 Monastier di Treviso &#8211; ITALY<\/p>\n<p><strong>Sede administrativa y f\u00e1brica<\/strong><br \/>\nVia Vallio, 15<br \/>\n31050 Monastier di Treviso &#8211; ITALY<\/p>\n<p>Tax no.- Company Register of Treviso no.- Registro VAT no.: 02413550266<br \/>\nCapital social de \u20ac 10.000.000 i.v. &#8211; R.E.A. N. 208102<br \/>\nSociedad unipersonal sujeta a la direcci\u00f3n y coordinaci\u00f3n de Opera Holding S.p.A.<\/p>\n<p>Phone\u00a0+39 0422.791.311<br \/>\nFax\u00a0+39 0422.791.300<\/p>\n<p><a href=\"https:\/\/www.texabrasil.com.br\/es\/\">www.texa.com<\/a><\/p>\n\t\t\t\t\t\t\t\t<\/div>\n\t\t\t\t<\/div>\n\t\t\t\t\t<\/div>\n\t\t<\/div>\n\t\t\t\t\t<\/div>\n\t\t<\/section>\n\t\t\t\t<\/div>\n\t\t","protected":false},"excerpt":{"rendered":"<p>TEXA S.p.A. Oficina registrada Via 1 Maggio, 9 31050 Monastier di Treviso &#8211; ITALY Sede administrativa y f\u00e1brica Via Vallio, 15 31050 Monastier di Treviso &#8211; ITALY Tax no.- Company Register of Treviso no.- Registro VAT no.: 02413550266 Capital social de \u20ac 10.000.000 i.v. &#8211; R.E.A. N. 208102 Sociedad unipersonal sujeta a la direcci\u00f3n y [&hellip;]<\/p>\n","protected":false},"author":1,"featured_media":0,"parent":0,"menu_order":1053,"comment_status":"closed","ping_status":"closed","template":"","meta":{"_acf_changed":false,"footnotes":""},"tags":[],"class_list":["post-25876","page","type-page","status-publish","hentry"],"acf":[],"yoast_head":"<!-- This site is optimized with the Yoast SEO plugin v26.8 - https:\/\/yoast.com\/product\/yoast-seo-wordpress\/ -->\n<title>Informaci\u00f3n de la Empresa - TEXA S.p.A.<\/title>\n<meta name=\"description\" content=\"Sede, sede administrativa y direcci\u00f3n de f\u00e1brica.\" \/>\n<meta name=\"robots\" content=\"index, follow, max-snippet:-1, max-image-preview:large, max-video-preview:-1\" \/>\n<link rel=\"canonical\" href=\"https:\/\/www.texabrasil.com.br\/informacoes-empresa\/\" \/>\n<meta property=\"og:locale\" content=\"es_ES\" \/>\n<meta property=\"og:type\" content=\"article\" \/>\n<meta property=\"og:title\" content=\"Informaci\u00f3n de la Empresa - TEXA S.p.A.\" \/>\n<meta property=\"og:description\" content=\"Sede, sede administrativa y direcci\u00f3n de f\u00e1brica.\" \/>\n<meta property=\"og:url\" content=\"https:\/\/www.texabrasil.com.br\/informacoes-empresa\/\" \/>\n<meta property=\"og:site_name\" content=\"TEXA\" \/>\n<meta property=\"article:publisher\" content=\"https:\/\/www.facebook.com\/texabrasil\" \/>\n<meta property=\"article:modified_time\" content=\"2024-08-07T15:12:45+00:00\" \/>\n<meta property=\"og:image\" content=\"https:\/\/www.texabrasil.com.br\/wp-content\/uploads\/2020\/11\/footer-company-01.jpg\" \/>\n<meta name=\"twitter:card\" content=\"summary_large_image\" \/>\n<script type=\"application\/ld+json\" class=\"yoast-schema-graph\">{\"@context\":\"https:\/\/schema.org\",\"@graph\":[{\"@type\":\"WebPage\",\"@id\":\"https:\/\/www.texabrasil.com.br\/informacoes-empresa\/\",\"url\":\"https:\/\/www.texabrasil.com.br\/informacoes-empresa\/\",\"name\":\"Informaci\u00f3n de la Empresa - TEXA S.p.A.\",\"isPartOf\":{\"@id\":\"https:\/\/www.texabrasil.com.br\/#website\"},\"primaryImageOfPage\":{\"@id\":\"https:\/\/www.texabrasil.com.br\/informacoes-empresa\/#primaryimage\"},\"image\":{\"@id\":\"https:\/\/www.texabrasil.com.br\/informacoes-empresa\/#primaryimage\"},\"thumbnailUrl\":\"https:\/\/www.texabrasil.com.br\/wp-content\/uploads\/2020\/11\/footer-company-01.jpg\",\"datePublished\":\"2020-11-16T18:28:35+00:00\",\"dateModified\":\"2024-08-07T15:12:45+00:00\",\"description\":\"Sede, sede administrativa y direcci\u00f3n de f\u00e1brica.\",\"breadcrumb\":{\"@id\":\"https:\/\/www.texabrasil.com.br\/informacoes-empresa\/#breadcrumb\"},\"inLanguage\":\"es\",\"potentialAction\":[{\"@type\":\"ReadAction\",\"target\":[\"https:\/\/www.texabrasil.com.br\/informacoes-empresa\/\"]}]},{\"@type\":\"ImageObject\",\"inLanguage\":\"es\",\"@id\":\"https:\/\/www.texabrasil.com.br\/informacoes-empresa\/#primaryimage\",\"url\":\"https:\/\/www.texabrasil.com.br\/wp-content\/uploads\/2020\/11\/footer-company-01.jpg\",\"contentUrl\":\"https:\/\/www.texabrasil.com.br\/wp-content\/uploads\/2020\/11\/footer-company-01.jpg\"},{\"@type\":\"BreadcrumbList\",\"@id\":\"https:\/\/www.texabrasil.com.br\/informacoes-empresa\/#breadcrumb\",\"itemListElement\":[{\"@type\":\"ListItem\",\"position\":1,\"name\":\"Home\",\"item\":\"https:\/\/www.texabrasil.com.br\/\"},{\"@type\":\"ListItem\",\"position\":2,\"name\":\"Informaci\u00f3n de la empresa\"}]},{\"@type\":\"WebSite\",\"@id\":\"https:\/\/www.texabrasil.com.br\/#website\",\"url\":\"https:\/\/www.texabrasil.com.br\/\",\"name\":\"TEXA do Brasil\",\"description\":\"for automotive professionals\",\"publisher\":{\"@id\":\"https:\/\/www.texabrasil.com.br\/#organization\"},\"potentialAction\":[{\"@type\":\"SearchAction\",\"target\":{\"@type\":\"EntryPoint\",\"urlTemplate\":\"https:\/\/www.texabrasil.com.br\/?s={search_term_string}\"},\"query-input\":{\"@type\":\"PropertyValueSpecification\",\"valueRequired\":true,\"valueName\":\"search_term_string\"}}],\"inLanguage\":\"es\"},{\"@type\":\"Organization\",\"@id\":\"https:\/\/www.texabrasil.com.br\/#organization\",\"name\":\"TEXA do Brasil - Diagn\u00f3stico multimarcas e recicladoras de A\/C\",\"url\":\"https:\/\/www.texabrasil.com.br\/\",\"logo\":{\"@type\":\"ImageObject\",\"inLanguage\":\"es\",\"@id\":\"https:\/\/www.texabrasil.com.br\/#\/schema\/logo\/image\/\",\"url\":\"https:\/\/www.texabrasil.com.br\/wp-content\/uploads\/2019\/11\/logo-TEXA.jpg\",\"contentUrl\":\"https:\/\/www.texabrasil.com.br\/wp-content\/uploads\/2019\/11\/logo-TEXA.jpg\",\"width\":300,\"height\":300,\"caption\":\"TEXA do Brasil - Diagn\u00f3stico multimarcas e recicladoras de A\/C\"},\"image\":{\"@id\":\"https:\/\/www.texabrasil.com.br\/#\/schema\/logo\/image\/\"},\"sameAs\":[\"https:\/\/www.facebook.com\/texabrasil\",\"https:\/\/www.instagram.com\/texabrasil\/\",\"https:\/\/www.linkedin.com\/company\/texabrasil\/\",\"https:\/\/www.youtube.com\/texabrasil\"]}]}<\/script>\n<!-- \/ Yoast SEO plugin. -->","yoast_head_json":{"title":"Informaci\u00f3n de la Empresa - TEXA S.p.A.","description":"Sede, sede administrativa y direcci\u00f3n de f\u00e1brica.","robots":{"index":"index","follow":"follow","max-snippet":"max-snippet:-1","max-image-preview":"max-image-preview:large","max-video-preview":"max-video-preview:-1"},"canonical":"https:\/\/www.texabrasil.com.br\/informacoes-empresa\/","og_locale":"es_ES","og_type":"article","og_title":"Informaci\u00f3n de la Empresa - TEXA S.p.A.","og_description":"Sede, sede administrativa y direcci\u00f3n de f\u00e1brica.","og_url":"https:\/\/www.texabrasil.com.br\/informacoes-empresa\/","og_site_name":"TEXA","article_publisher":"https:\/\/www.facebook.com\/texabrasil","article_modified_time":"2024-08-07T15:12:45+00:00","og_image":[{"url":"https:\/\/www.texabrasil.com.br\/wp-content\/uploads\/2020\/11\/footer-company-01.jpg","type":"","width":"","height":""}],"twitter_card":"summary_large_image","schema":{"@context":"https:\/\/schema.org","@graph":[{"@type":"WebPage","@id":"https:\/\/www.texabrasil.com.br\/informacoes-empresa\/","url":"https:\/\/www.texabrasil.com.br\/informacoes-empresa\/","name":"Informaci\u00f3n de la Empresa - TEXA S.p.A.","isPartOf":{"@id":"https:\/\/www.texabrasil.com.br\/#website"},"primaryImageOfPage":{"@id":"https:\/\/www.texabrasil.com.br\/informacoes-empresa\/#primaryimage"},"image":{"@id":"https:\/\/www.texabrasil.com.br\/informacoes-empresa\/#primaryimage"},"thumbnailUrl":"https:\/\/www.texabrasil.com.br\/wp-content\/uploads\/2020\/11\/footer-company-01.jpg","datePublished":"2020-11-16T18:28:35+00:00","dateModified":"2024-08-07T15:12:45+00:00","description":"Sede, sede administrativa y direcci\u00f3n de f\u00e1brica.","breadcrumb":{"@id":"https:\/\/www.texabrasil.com.br\/informacoes-empresa\/#breadcrumb"},"inLanguage":"es","potentialAction":[{"@type":"ReadAction","target":["https:\/\/www.texabrasil.com.br\/informacoes-empresa\/"]}]},{"@type":"ImageObject","inLanguage":"es","@id":"https:\/\/www.texabrasil.com.br\/informacoes-empresa\/#primaryimage","url":"https:\/\/www.texabrasil.com.br\/wp-content\/uploads\/2020\/11\/footer-company-01.jpg","contentUrl":"https:\/\/www.texabrasil.com.br\/wp-content\/uploads\/2020\/11\/footer-company-01.jpg"},{"@type":"BreadcrumbList","@id":"https:\/\/www.texabrasil.com.br\/informacoes-empresa\/#breadcrumb","itemListElement":[{"@type":"ListItem","position":1,"name":"Home","item":"https:\/\/www.texabrasil.com.br\/"},{"@type":"ListItem","position":2,"name":"Informaci\u00f3n de la empresa"}]},{"@type":"WebSite","@id":"https:\/\/www.texabrasil.com.br\/#website","url":"https:\/\/www.texabrasil.com.br\/","name":"TEXA do Brasil","description":"for automotive professionals","publisher":{"@id":"https:\/\/www.texabrasil.com.br\/#organization"},"potentialAction":[{"@type":"SearchAction","target":{"@type":"EntryPoint","urlTemplate":"https:\/\/www.texabrasil.com.br\/?s={search_term_string}"},"query-input":{"@type":"PropertyValueSpecification","valueRequired":true,"valueName":"search_term_string"}}],"inLanguage":"es"},{"@type":"Organization","@id":"https:\/\/www.texabrasil.com.br\/#organization","name":"TEXA do Brasil - Diagn\u00f3stico multimarcas e recicladoras de A\/C","url":"https:\/\/www.texabrasil.com.br\/","logo":{"@type":"ImageObject","inLanguage":"es","@id":"https:\/\/www.texabrasil.com.br\/#\/schema\/logo\/image\/","url":"https:\/\/www.texabrasil.com.br\/wp-content\/uploads\/2019\/11\/logo-TEXA.jpg","contentUrl":"https:\/\/www.texabrasil.com.br\/wp-content\/uploads\/2019\/11\/logo-TEXA.jpg","width":300,"height":300,"caption":"TEXA do Brasil - Diagn\u00f3stico multimarcas e recicladoras de A\/C"},"image":{"@id":"https:\/\/www.texabrasil.com.br\/#\/schema\/logo\/image\/"},"sameAs":["https:\/\/www.facebook.com\/texabrasil","https:\/\/www.instagram.com\/texabrasil\/","https:\/\/www.linkedin.com\/company\/texabrasil\/","https:\/\/www.youtube.com\/texabrasil"]}]}},"_links":{"self":[{"href":"https:\/\/www.texabrasil.com.br\/es\/wp-json\/wp\/v2\/pages\/25876","targetHints":{"allow":["GET"]}}],"collection":[{"href":"https:\/\/www.texabrasil.com.br\/es\/wp-json\/wp\/v2\/pages"}],"about":[{"href":"https:\/\/www.texabrasil.com.br\/es\/wp-json\/wp\/v2\/types\/page"}],"author":[{"embeddable":true,"href":"https:\/\/www.texabrasil.com.br\/es\/wp-json\/wp\/v2\/users\/1"}],"replies":[{"embeddable":true,"href":"https:\/\/www.texabrasil.com.br\/es\/wp-json\/wp\/v2\/comments?post=25876"}],"version-history":[{"count":0,"href":"https:\/\/www.texabrasil.com.br\/es\/wp-json\/wp\/v2\/pages\/25876\/revisions"}],"wp:attachment":[{"href":"https:\/\/www.texabrasil.com.br\/es\/wp-json\/wp\/v2\/media?parent=25876"}],"wp:term":[{"taxonomy":"post_tag","embeddable":true,"href":"https:\/\/www.texabrasil.com.br\/es\/wp-json\/wp\/v2\/tags?post=25876"}],"curies":[{"name":"wp","href":"https:\/\/api.w.org\/{rel}","templated":true}]}}